{"id":917,"date":"2026-02-12T19:59:41","date_gmt":"2026-02-12T18:59:41","guid":{"rendered":"http:\/\/alumno07.shopenlaces.com.es\/alumno07wp\/?page_id=917"},"modified":"2026-02-12T19:59:41","modified_gmt":"2026-02-12T18:59:41","slug":"noticias","status":"publish","type":"page","link":"http:\/\/alumno07.shopenlaces.com.es\/alumno07wp\/?page_id=917","title":{"rendered":"Noticias"},"content":{"rendered":"\n<div class=\"wp-block-stackable-heading stk-block-heading stk-block-heading--v2 stk-block stk-f497dbc\" id=\"colaboracion-con-hispanitas\" data-block-id=\"f497dbc\"><style>.stk-f497dbc {margin-bottom:35px !important;}<\/style><h2 class=\"stk-block-heading__text\">Colaboraci\u00f3n con Hispanitas<\/h2><\/div>\n\n\n\n<div class=\"wp-block-stackable-text stk-block-text stk-block stk-9eff7b3\" data-block-id=\"9eff7b3\"><style>.stk-9eff7b3 {margin-bottom:0px !important;}<\/style><p class=\"stk-block-text__text\"><span style=\"color: #0f0e17;\" class=\"stk-highlight\">En Zapater\u00eda Paz siempre hemos escuchado mucho a nuestras clientas. Sabemos que busc\u00e1is zapatos bonitos, s\u00ed, pero tambi\u00e9n c\u00f3modos. Que sirvan para trabajar, para salir, para un evento especial\u2026 y que al final del d\u00eda sigan siendo un gusto llevarlos puestos.<\/span><\/p><\/div>\n\n\n\n<p class=\"has-palette-color-4-color has-text-color has-link-color wp-elements-746abafff6f76a2785e67d2cb984057b\">Por eso nos hace especial ilusi\u00f3n presentar nuestra colaboraci\u00f3n con <strong>Hispanitas<\/strong>, una marca espa\u00f1ola que entiende perfectamente a la mujer actual: activa, elegante y pr\u00e1ctica.<\/p>\n\n\n\n<p class=\"has-palette-color-4-color has-text-color has-link-color wp-elements-854dd63b4d88d3876c88f3776a0b56dd\">Hemos seleccionado una colecci\u00f3n pensada para acompa\u00f1ar todos los momentos del d\u00eda:<\/p>\n\n\n\n<p class=\"has-text-align-left has-palette-color-4-color has-text-color has-link-color wp-elements-9d3169d2d03e0c713f164eb0232e297d\">Zapatos c\u00f3modos para la oficina<\/p>\n\n\n\n<p class=\"has-palette-color-4-color has-text-color has-link-color wp-elements-471eb465614d4cb54cc3f5aec8126966\">Mocasines vers\u00e1tiles para el d\u00eda a d\u00eda<\/p>\n\n\n\n<p class=\"has-palette-color-4-color has-text-color has-link-color wp-elements-3292350d6e36ed454b11e5837849a951\">Botines con estilo para el invierno<\/p>\n\n\n\n<p class=\"has-text-align-left has-palette-color-4-color has-text-color has-link-color wp-elements-4b3ec21566f684972c9b761a8ed1dd9d\">Sandalias femeninas y ligeras para el verano<\/p>\n\n\n\n<p class=\"has-palette-color-4-color has-text-color has-link-color wp-elements-ec61e598215d5026b67973b75ddff094\">Cada modelo ha sido elegido uno a uno, pensando en nuestras clientas de Zaragoza y en todas las que nos visitan online. Buscamos equilibrio: dise\u00f1o actual, materiales de calidad y esa comodidad que se nota desde el primer paso.<\/p>\n\n\n\n<p class=\"has-palette-color-4-color has-text-color has-link-color wp-elements-0fb60c97acd41c3c1a486188bc32ede1\">Para nosotras, esta colaboraci\u00f3n no es solo moda. Es seguir apostando por el calzado femenino que combina personalidad y bienestar.<\/p>\n\n\n\n<div class=\"wp-block-stackable-image stk-block-image stk-block stk-90103f7\" data-block-id=\"90103f7\"><style>.stk-90103f7 {margin-bottom:1px !important;}.stk-90103f7 .stk-img-wrapper{width:571px !important;height:571px !important;}<\/style><figure><span class=\"stk-img-wrapper stk-image--shape-stretch\"><img loading=\"lazy\" decoding=\"async\" class=\"stk-img wp-image-913\" src=\"http:\/\/alumno07.shopenlaces.com.es\/alumno07wp\/wp-content\/uploads\/2026\/02\/images-1.png\" width=\"225\" height=\"225\" srcset=\"http:\/\/alumno07.shopenlaces.com.es\/alumno07wp\/wp-content\/uploads\/2026\/02\/images-1.png 225w, http:\/\/alumno07.shopenlaces.com.es\/alumno07wp\/wp-content\/uploads\/2026\/02\/images-1-150x150.png 150w, http:\/\/alumno07.shopenlaces.com.es\/alumno07wp\/wp-content\/uploads\/2026\/02\/images-1-100x100.png 100w\" sizes=\"auto, (max-width: 225px) 100vw, 225px\" \/><\/span><\/figure><\/div>\n","protected":false},"excerpt":{"rendered":"<p>Colaboraci\u00f3n con Hispanitas En Zapater\u00eda Paz siempre hemos escuchado mucho a nuestras clientas. Sabemos que busc\u00e1is zapatos bonitos, s\u00ed, pero tambi\u00e9n c\u00f3modos. Que sirvan para trabajar, para salir, para un evento especial\u2026 y que al final del d\u00eda sigan siendo un gusto llevarlos puestos. Por eso nos hace especial ilusi\u00f3n presentar nuestra colaboraci\u00f3n con Hispanitas, [&hellip;]<\/p>\n","protected":false},"author":1,"featured_media":0,"parent":0,"menu_order":0,"comment_status":"closed","ping_status":"closed","template":"","meta":{"footnotes":""},"class_list":["post-917","page","type-page","status-publish","hentry"],"blocksy_meta":[],"_links":{"self":[{"href":"http:\/\/alumno07.shopenlaces.com.es\/alumno07wp\/index.php?rest_route=\/wp\/v2\/pages\/917","targetHints":{"allow":["GET"]}}],"collection":[{"href":"http:\/\/alumno07.shopenlaces.com.es\/alumno07wp\/index.php?rest_route=\/wp\/v2\/pages"}],"about":[{"href":"http:\/\/alumno07.shopenlaces.com.es\/alumno07wp\/index.php?rest_route=\/wp\/v2\/types\/page"}],"author":[{"embeddable":true,"href":"http:\/\/alumno07.shopenlaces.com.es\/alumno07wp\/index.php?rest_route=\/wp\/v2\/users\/1"}],"replies":[{"embeddable":true,"href":"http:\/\/alumno07.shopenlaces.com.es\/alumno07wp\/index.php?rest_route=%2Fwp%2Fv2%2Fcomments&post=917"}],"version-history":[{"count":1,"href":"http:\/\/alumno07.shopenlaces.com.es\/alumno07wp\/index.php?rest_route=\/wp\/v2\/pages\/917\/revisions"}],"predecessor-version":[{"id":919,"href":"http:\/\/alumno07.shopenlaces.com.es\/alumno07wp\/index.php?rest_route=\/wp\/v2\/pages\/917\/revisions\/919"}],"wp:attachment":[{"href":"http:\/\/alumno07.shopenlaces.com.es\/alumno07wp\/index.php?rest_route=%2Fwp%2Fv2%2Fmedia&parent=917"}],"curies":[{"name":"wp","href":"https:\/\/api.w.org\/{rel}","templated":true}]}}