{"id":881,"date":"2026-02-04T15:51:42","date_gmt":"2026-02-04T14:51:42","guid":{"rendered":"http:\/\/alumno07.shopenlaces.com.es\/alumno07wp\/?page_id=881"},"modified":"2026-02-04T15:51:42","modified_gmt":"2026-02-04T14:51:42","slug":"zapatilla-deportiva-color-plateado-con-detalles-en-blanco-y-negro","status":"publish","type":"page","link":"http:\/\/alumno07.shopenlaces.com.es\/alumno07wp\/?page_id=881","title":{"rendered":"Zapatilla deportiva color plateado con detalles en blanco y negro"},"content":{"rendered":"\n<div class=\"wp-block-stackable-carousel stk-block-carousel stk--is-slide stk--arrows-justify-space-between stk--arrows-align-center stk-block stk-eb28958\" data-slides-to-show=\"\" data-block-id=\"eb28958\"><div class=\"stk-block-carousel__content-wrapper\"><div class=\"stk-row stk-inner-blocks stk-block-content stk-block-carousel__slider-wrapper stk-content-align stk-eb28958-column\"><div class=\"stk-block-carousel__slider\" role=\"list\" data-autoplay=\"4000\" data-label-slide-of=\"Slide %%d of %%d\" tabindex=\"0\">\n<div class=\"wp-block-stackable-column stk-block-column stk-column stk-block stk-235e584\" data-v=\"4\" data-block-id=\"235e584\"><div class=\"stk-column-wrapper stk-block-column__content stk-container stk-235e584-container stk--no-background stk--no-padding\"><div class=\"stk-block-content stk-inner-blocks stk-235e584-inner-blocks\">\n<figure class=\"wp-block-image aligncenter size-full\"><img loading=\"lazy\" decoding=\"async\" width=\"650\" height=\"650\" src=\"http:\/\/alumno07.shopenlaces.com.es\/alumno07wp\/wp-content\/uploads\/2026\/02\/650_1200-1.jpeg\" alt=\"\" class=\"wp-image-884\" srcset=\"http:\/\/alumno07.shopenlaces.com.es\/alumno07wp\/wp-content\/uploads\/2026\/02\/650_1200-1.jpeg 650w, http:\/\/alumno07.shopenlaces.com.es\/alumno07wp\/wp-content\/uploads\/2026\/02\/650_1200-1-300x300.jpeg 300w, http:\/\/alumno07.shopenlaces.com.es\/alumno07wp\/wp-content\/uploads\/2026\/02\/650_1200-1-150x150.jpeg 150w, http:\/\/alumno07.shopenlaces.com.es\/alumno07wp\/wp-content\/uploads\/2026\/02\/650_1200-1-500x500.jpeg 500w, http:\/\/alumno07.shopenlaces.com.es\/alumno07wp\/wp-content\/uploads\/2026\/02\/650_1200-1-600x600.jpeg 600w, http:\/\/alumno07.shopenlaces.com.es\/alumno07wp\/wp-content\/uploads\/2026\/02\/650_1200-1-100x100.jpeg 100w\" sizes=\"auto, (max-width: 650px) 100vw, 650px\" \/><\/figure>\n<\/div><\/div><\/div>\n\n\n\n<div class=\"wp-block-stackable-column stk-block-column stk-column stk-block stk-def5e00\" data-v=\"4\" data-block-id=\"def5e00\"><div class=\"stk-column-wrapper stk-block-column__content stk-container stk-def5e00-container stk--no-background stk--no-padding\"><div class=\"stk-block-content stk-inner-blocks stk-def5e00-inner-blocks\">\n<figure class=\"wp-block-image aligncenter size-full is-resized\"><img loading=\"lazy\" decoding=\"async\" width=\"337\" height=\"415\" src=\"http:\/\/alumno07.shopenlaces.com.es\/alumno07wp\/wp-content\/uploads\/2026\/02\/Captura15-1.png\" alt=\"\" class=\"wp-image-888\" style=\"width:428px;height:auto\" srcset=\"http:\/\/alumno07.shopenlaces.com.es\/alumno07wp\/wp-content\/uploads\/2026\/02\/Captura15-1.png 337w, http:\/\/alumno07.shopenlaces.com.es\/alumno07wp\/wp-content\/uploads\/2026\/02\/Captura15-1-244x300.png 244w\" sizes=\"auto, (max-width: 337px) 100vw, 337px\" \/><\/figure>\n<\/div><\/div><\/div>\n\n\n\n<div class=\"wp-block-stackable-column stk-block-column stk-column stk-block stk-41d1f92\" data-v=\"4\" data-block-id=\"41d1f92\"><div class=\"stk-column-wrapper stk-block-column__content stk-container stk-41d1f92-container stk--no-background stk--no-padding\"><div class=\"stk-block-content stk-inner-blocks stk-41d1f92-inner-blocks\">\n<figure class=\"wp-block-image aligncenter size-full is-resized\"><img loading=\"lazy\" decoding=\"async\" width=\"307\" height=\"291\" src=\"http:\/\/alumno07.shopenlaces.com.es\/alumno07wp\/wp-content\/uploads\/2026\/02\/Captura155-1.png\" alt=\"\" class=\"wp-image-889\" style=\"width:567px;height:auto\" srcset=\"http:\/\/alumno07.shopenlaces.com.es\/alumno07wp\/wp-content\/uploads\/2026\/02\/Captura155-1.png 307w, http:\/\/alumno07.shopenlaces.com.es\/alumno07wp\/wp-content\/uploads\/2026\/02\/Captura155-1-300x284.png 300w\" sizes=\"auto, (max-width: 307px) 100vw, 307px\" \/><\/figure>\n<\/div><\/div><\/div>\n<\/div><div class=\"stk-block-carousel__buttons\"><button class=\"stk-block-carousel__button stk-block-carousel__button__prev\" aria-label=\"Previous slide\"><svg aria-hidden=\"true\" focusable=\"false\" data-prefix=\"fas\" data-icon=\"chevron-left\" class=\"svg-inline--fa fa-chevron-left\" xmlns=\"http:\/\/www.w3.org\/2000\/svg\" viewBox=\"0 0 320 512\" width=\"32\" height=\"32\"><path d=\"M34.52 239.03L228.87 44.69c9.37-9.37 24.57-9.37 33.94 0l22.67 22.67c9.36 9.36 9.37 24.52.04 33.9L131.49 256l154.02 154.75c9.34 9.38 9.32 24.54-.04 33.9l-22.67 22.67c-9.37 9.37-24.57 9.37-33.94 0L34.52 272.97c-9.37-9.37-9.37-24.57 0-33.94z\"><\/path><\/svg><\/button><button class=\"stk-block-carousel__button stk-block-carousel__button__next\" aria-label=\"Next slide\"><svg aria-hidden=\"true\" focusable=\"false\" data-prefix=\"fas\" data-icon=\"chevron-right\" class=\"svg-inline--fa fa-chevron-right\" xmlns=\"http:\/\/www.w3.org\/2000\/svg\" viewBox=\"0 0 320 512\" width=\"32\" height=\"32\"><path d=\"M285.476 272.971L91.132 467.314c-9.373 9.373-24.569 9.373-33.941 0l-22.667-22.667c-9.357-9.357-9.375-24.522-.04-33.901L188.505 256 34.484 101.255c-9.335-9.379-9.317-24.544.04-33.901l22.667-22.667c9.373-9.373 24.569-9.373 33.941 0L285.475 239.03c9.373 9.372 9.373 24.568.001 33.941z\"><\/path><\/svg><\/button><\/div><\/div><div class=\"stk-block-carousel__dots\" role=\"list\" data-label=\"Slide %%d\"><\/div><\/div><\/div>\n\n\n\n<div class=\"wp-block-stackable-text stk-block-text stk-block stk-ac97c93\" data-block-id=\"ac97c93\"><p class=\"stk-block-text__text\"><strong>Categor\u00eda: <\/strong>Deportivas<\/p><\/div>\n\n\n\n<p><strong>Precio: <\/strong>120\u20ac<\/p>\n\n\n\n<p><strong>Referencia: <\/strong>R0008<\/p>\n\n\n\n<p>Zapatillas deportivas en color plateado con malla transpirable y suela acolchada. Dise\u00f1o ligero y c\u00f3modo, con excelente amortiguaci\u00f3n. Ideales para running, entrenamiento o uso casual diario. Se adaptan a las tallas del <strong>38 al 42.<\/strong><\/p>\n\n\n\n<ul class=\"wp-block-list\">\n<li>Zapatilla deportiva<\/li>\n\n\n\n<li>Material transpirable<\/li>\n\n\n\n<li>Cierre con cordones<\/li>\n\n\n\n<li>Suela con amortiguaci\u00f3n<\/li>\n\n\n\n<li>Dise\u00f1o moderno<\/li>\n\n\n\n<li>Uso deportivo y casual<\/li>\n<\/ul>\n","protected":false},"excerpt":{"rendered":"<p>Categor\u00eda: Deportivas Precio: 120\u20ac Referencia: R0008 Zapatillas deportivas en color plateado con malla transpirable y suela acolchada. Dise\u00f1o ligero y c\u00f3modo, con excelente amortiguaci\u00f3n. Ideales para running, entrenamiento o uso casual diario. Se adaptan a las tallas del 38 al 42.<\/p>\n","protected":false},"author":1,"featured_media":0,"parent":0,"menu_order":0,"comment_status":"closed","ping_status":"closed","template":"","meta":{"footnotes":""},"class_list":["post-881","page","type-page","status-publish","hentry"],"blocksy_meta":[],"_links":{"self":[{"href":"http:\/\/alumno07.shopenlaces.com.es\/alumno07wp\/index.php?rest_route=\/wp\/v2\/pages\/881","targetHints":{"allow":["GET"]}}],"collection":[{"href":"http:\/\/alumno07.shopenlaces.com.es\/alumno07wp\/index.php?rest_route=\/wp\/v2\/pages"}],"about":[{"href":"http:\/\/alumno07.shopenlaces.com.es\/alumno07wp\/index.php?rest_route=\/wp\/v2\/types\/page"}],"author":[{"embeddable":true,"href":"http:\/\/alumno07.shopenlaces.com.es\/alumno07wp\/index.php?rest_route=\/wp\/v2\/users\/1"}],"replies":[{"embeddable":true,"href":"http:\/\/alumno07.shopenlaces.com.es\/alumno07wp\/index.php?rest_route=%2Fwp%2Fv2%2Fcomments&post=881"}],"version-history":[{"count":1,"href":"http:\/\/alumno07.shopenlaces.com.es\/alumno07wp\/index.php?rest_route=\/wp\/v2\/pages\/881\/revisions"}],"predecessor-version":[{"id":890,"href":"http:\/\/alumno07.shopenlaces.com.es\/alumno07wp\/index.php?rest_route=\/wp\/v2\/pages\/881\/revisions\/890"}],"wp:attachment":[{"href":"http:\/\/alumno07.shopenlaces.com.es\/alumno07wp\/index.php?rest_route=%2Fwp%2Fv2%2Fmedia&parent=881"}],"curies":[{"name":"wp","href":"https:\/\/api.w.org\/{rel}","templated":true}]}}