{"id":859,"date":"2026-02-03T20:34:26","date_gmt":"2026-02-03T19:34:26","guid":{"rendered":"http:\/\/alumno07.shopenlaces.com.es\/alumno07wp\/?page_id=859"},"modified":"2026-02-03T20:34:26","modified_gmt":"2026-02-03T19:34:26","slug":"botas-altas-de-gamuza-color-beige","status":"publish","type":"page","link":"http:\/\/alumno07.shopenlaces.com.es\/alumno07wp\/?page_id=859","title":{"rendered":"Botas altas de gamuza color beige"},"content":{"rendered":"\n<div class=\"wp-block-stackable-carousel stk-block-carousel stk--is-slide stk--arrows-justify-space-between stk--arrows-align-center stk-block stk-4a873b9\" data-slides-to-show=\"\" data-block-id=\"4a873b9\"><div class=\"stk-block-carousel__content-wrapper\"><div class=\"stk-row stk-inner-blocks stk-block-content stk-block-carousel__slider-wrapper stk-content-align stk-4a873b9-column\"><div class=\"stk-block-carousel__slider\" role=\"list\" data-autoplay=\"4000\" data-label-slide-of=\"Slide %%d of %%d\" tabindex=\"0\">\n<div class=\"wp-block-stackable-column stk-block-column stk-column stk-block stk-553c982\" data-v=\"4\" data-block-id=\"553c982\"><div class=\"stk-column-wrapper stk-block-column__content stk-container stk-553c982-container stk--no-background stk--no-padding\"><div class=\"stk-block-content stk-inner-blocks stk-553c982-inner-blocks\">\n<figure class=\"wp-block-image aligncenter size-full\"><img loading=\"lazy\" decoding=\"async\" width=\"382\" height=\"553\" src=\"http:\/\/alumno07.shopenlaces.com.es\/alumno07wp\/wp-content\/uploads\/2026\/02\/Captura-3-1.png\" alt=\"\" class=\"wp-image-869\" srcset=\"http:\/\/alumno07.shopenlaces.com.es\/alumno07wp\/wp-content\/uploads\/2026\/02\/Captura-3-1.png 382w, http:\/\/alumno07.shopenlaces.com.es\/alumno07wp\/wp-content\/uploads\/2026\/02\/Captura-3-1-207x300.png 207w\" sizes=\"auto, (max-width: 382px) 100vw, 382px\" \/><\/figure>\n<\/div><\/div><\/div>\n\n\n\n<div class=\"wp-block-stackable-column stk-block-column stk-column stk-block stk-90197c7\" data-v=\"4\" data-block-id=\"90197c7\"><div class=\"stk-column-wrapper stk-block-column__content stk-container stk-90197c7-container stk--no-background stk--no-padding\"><div class=\"stk-block-content stk-inner-blocks stk-90197c7-inner-blocks\">\n<figure class=\"wp-block-image aligncenter size-full is-resized\"><img loading=\"lazy\" decoding=\"async\" width=\"359\" height=\"606\" src=\"http:\/\/alumno07.shopenlaces.com.es\/alumno07wp\/wp-content\/uploads\/2026\/02\/56-1.png\" alt=\"\" class=\"wp-image-870\" style=\"width:405px;height:auto\" srcset=\"http:\/\/alumno07.shopenlaces.com.es\/alumno07wp\/wp-content\/uploads\/2026\/02\/56-1.png 359w, http:\/\/alumno07.shopenlaces.com.es\/alumno07wp\/wp-content\/uploads\/2026\/02\/56-1-178x300.png 178w\" sizes=\"auto, (max-width: 359px) 100vw, 359px\" \/><\/figure>\n<\/div><\/div><\/div>\n\n\n\n<div class=\"wp-block-stackable-column stk-block-column stk-column stk-block stk-695eb5f\" data-v=\"4\" data-block-id=\"695eb5f\"><div class=\"stk-column-wrapper stk-block-column__content stk-container stk-695eb5f-container stk--no-background stk--no-padding\"><div class=\"stk-block-content stk-inner-blocks stk-695eb5f-inner-blocks\">\n<figure class=\"wp-block-image aligncenter size-full is-resized\"><img loading=\"lazy\" decoding=\"async\" width=\"521\" height=\"634\" src=\"http:\/\/alumno07.shopenlaces.com.es\/alumno07wp\/wp-content\/uploads\/2026\/02\/555-1.png\" alt=\"\" class=\"wp-image-871\" style=\"width:569px;height:auto\" srcset=\"http:\/\/alumno07.shopenlaces.com.es\/alumno07wp\/wp-content\/uploads\/2026\/02\/555-1.png 521w, http:\/\/alumno07.shopenlaces.com.es\/alumno07wp\/wp-content\/uploads\/2026\/02\/555-1-247x300.png 247w, http:\/\/alumno07.shopenlaces.com.es\/alumno07wp\/wp-content\/uploads\/2026\/02\/555-1-500x608.png 500w\" sizes=\"auto, (max-width: 521px) 100vw, 521px\" \/><\/figure>\n<\/div><\/div><\/div>\n<\/div><div class=\"stk-block-carousel__buttons\"><button class=\"stk-block-carousel__button stk-block-carousel__button__prev\" aria-label=\"Previous slide\"><svg aria-hidden=\"true\" focusable=\"false\" data-prefix=\"fas\" data-icon=\"chevron-left\" class=\"svg-inline--fa fa-chevron-left\" xmlns=\"http:\/\/www.w3.org\/2000\/svg\" viewBox=\"0 0 320 512\" width=\"32\" height=\"32\"><path d=\"M34.52 239.03L228.87 44.69c9.37-9.37 24.57-9.37 33.94 0l22.67 22.67c9.36 9.36 9.37 24.52.04 33.9L131.49 256l154.02 154.75c9.34 9.38 9.32 24.54-.04 33.9l-22.67 22.67c-9.37 9.37-24.57 9.37-33.94 0L34.52 272.97c-9.37-9.37-9.37-24.57 0-33.94z\"><\/path><\/svg><\/button><button class=\"stk-block-carousel__button stk-block-carousel__button__next\" aria-label=\"Next slide\"><svg aria-hidden=\"true\" focusable=\"false\" data-prefix=\"fas\" data-icon=\"chevron-right\" class=\"svg-inline--fa fa-chevron-right\" xmlns=\"http:\/\/www.w3.org\/2000\/svg\" viewBox=\"0 0 320 512\" width=\"32\" height=\"32\"><path d=\"M285.476 272.971L91.132 467.314c-9.373 9.373-24.569 9.373-33.941 0l-22.667-22.667c-9.357-9.357-9.375-24.522-.04-33.901L188.505 256 34.484 101.255c-9.335-9.379-9.317-24.544.04-33.901l22.667-22.667c9.373-9.373 24.569-9.373 33.941 0L285.475 239.03c9.373 9.372 9.373 24.568.001 33.941z\"><\/path><\/svg><\/button><\/div><\/div><div class=\"stk-block-carousel__dots\" role=\"list\" data-label=\"Slide %%d\"><\/div><\/div><\/div>\n\n\n\n<div class=\"wp-block-stackable-text stk-block-text stk-block stk-bcac6d4\" data-block-id=\"bcac6d4\"><p class=\"stk-block-text__text\"><strong>Categor\u00eda:<\/strong> Bota alta tac\u00f3n<\/p><\/div>\n\n\n\n<p><strong>Precio:<\/strong> 74\u00b495\u20ac<\/p>\n\n\n\n<p><strong>Referencia: <\/strong>R5004<\/p>\n\n\n\n<p><strong>DESCRIPCI\u00d3N LARGA<\/strong><\/p>\n\n\n\n<p>Botas altas de gamuza color beige con tac\u00f3n ancho y c\u00f3modo. Dise\u00f1o limpio y elegante, con punta ligeramente afinada. Un modelo vers\u00e1til, ideal para uso diario o para combinar con outfits formales e informales. Se adaptan a las tallas del <strong>38 al 41<\/strong><\/p>\n\n\n\n<ul class=\"wp-block-list\">\n<li>Bota alta de mujer<\/li>\n\n\n\n<li>Gamuza beige<\/li>\n\n\n\n<li>Tac\u00f3n ancho medio<\/li>\n\n\n\n<li>Punta afinada<\/li>\n\n\n\n<li>Dise\u00f1o liso<\/li>\n<\/ul>\n","protected":false},"excerpt":{"rendered":"<p>Categor\u00eda: Bota alta tac\u00f3n Precio: 74\u00b495\u20ac Referencia: R5004 DESCRIPCI\u00d3N LARGA Botas altas de gamuza color beige con tac\u00f3n ancho y c\u00f3modo. Dise\u00f1o limpio y elegante, con punta ligeramente afinada. Un modelo vers\u00e1til, ideal para uso diario o para combinar con outfits formales e informales. Se adaptan a las tallas del 38 al 41<\/p>\n","protected":false},"author":1,"featured_media":0,"parent":0,"menu_order":0,"comment_status":"closed","ping_status":"closed","template":"","meta":{"footnotes":""},"class_list":["post-859","page","type-page","status-publish","hentry"],"blocksy_meta":[],"_links":{"self":[{"href":"http:\/\/alumno07.shopenlaces.com.es\/alumno07wp\/index.php?rest_route=\/wp\/v2\/pages\/859","targetHints":{"allow":["GET"]}}],"collection":[{"href":"http:\/\/alumno07.shopenlaces.com.es\/alumno07wp\/index.php?rest_route=\/wp\/v2\/pages"}],"about":[{"href":"http:\/\/alumno07.shopenlaces.com.es\/alumno07wp\/index.php?rest_route=\/wp\/v2\/types\/page"}],"author":[{"embeddable":true,"href":"http:\/\/alumno07.shopenlaces.com.es\/alumno07wp\/index.php?rest_route=\/wp\/v2\/users\/1"}],"replies":[{"embeddable":true,"href":"http:\/\/alumno07.shopenlaces.com.es\/alumno07wp\/index.php?rest_route=%2Fwp%2Fv2%2Fcomments&post=859"}],"version-history":[{"count":1,"href":"http:\/\/alumno07.shopenlaces.com.es\/alumno07wp\/index.php?rest_route=\/wp\/v2\/pages\/859\/revisions"}],"predecessor-version":[{"id":872,"href":"http:\/\/alumno07.shopenlaces.com.es\/alumno07wp\/index.php?rest_route=\/wp\/v2\/pages\/859\/revisions\/872"}],"wp:attachment":[{"href":"http:\/\/alumno07.shopenlaces.com.es\/alumno07wp\/index.php?rest_route=%2Fwp%2Fv2%2Fmedia&parent=859"}],"curies":[{"name":"wp","href":"https:\/\/api.w.org\/{rel}","templated":true}]}}