{"id":857,"date":"2026-02-03T20:43:52","date_gmt":"2026-02-03T19:43:52","guid":{"rendered":"http:\/\/alumno07.shopenlaces.com.es\/alumno07wp\/?page_id=857"},"modified":"2026-02-03T20:43:52","modified_gmt":"2026-02-03T19:43:52","slug":"bota-alta-de-tacon-azul-marino","status":"publish","type":"page","link":"http:\/\/alumno07.shopenlaces.com.es\/alumno07wp\/?page_id=857","title":{"rendered":"Bota alta de tac\u00f3n azul marino"},"content":{"rendered":"\n<div class=\"wp-block-stackable-carousel stk-block-carousel stk--is-slide stk--arrows-justify-space-between stk--arrows-align-center stk-block stk-e3857ac\" data-slides-to-show=\"\" data-block-id=\"e3857ac\"><div class=\"stk-block-carousel__content-wrapper\"><div class=\"stk-row stk-inner-blocks stk-block-content stk-block-carousel__slider-wrapper stk-content-align stk-e3857ac-column\"><div class=\"stk-block-carousel__slider\" role=\"list\" data-autoplay=\"4000\" data-label-slide-of=\"Slide %%d of %%d\" tabindex=\"0\">\n<div class=\"wp-block-stackable-column stk-block-column stk-column stk-block stk-618b245\" data-v=\"4\" data-block-id=\"618b245\"><div class=\"stk-column-wrapper stk-block-column__content stk-container stk-618b245-container stk--no-background stk--no-padding\"><div class=\"stk-block-content stk-inner-blocks stk-618b245-inner-blocks\">\n<figure class=\"wp-block-image aligncenter size-full\"><img loading=\"lazy\" decoding=\"async\" width=\"486\" height=\"486\" src=\"http:\/\/alumno07.shopenlaces.com.es\/alumno07wp\/wp-content\/uploads\/2026\/02\/Captura-4-1-edited.png\" alt=\"\" class=\"wp-image-874\" srcset=\"http:\/\/alumno07.shopenlaces.com.es\/alumno07wp\/wp-content\/uploads\/2026\/02\/Captura-4-1-edited.png 486w, http:\/\/alumno07.shopenlaces.com.es\/alumno07wp\/wp-content\/uploads\/2026\/02\/Captura-4-1-edited-300x300.png 300w, http:\/\/alumno07.shopenlaces.com.es\/alumno07wp\/wp-content\/uploads\/2026\/02\/Captura-4-1-edited-150x150.png 150w, http:\/\/alumno07.shopenlaces.com.es\/alumno07wp\/wp-content\/uploads\/2026\/02\/Captura-4-1-edited-100x100.png 100w\" sizes=\"auto, (max-width: 486px) 100vw, 486px\" \/><\/figure>\n<\/div><\/div><\/div>\n\n\n\n<div class=\"wp-block-stackable-column stk-block-column stk-column stk-block stk-edfe4fa\" data-v=\"4\" data-block-id=\"edfe4fa\"><div class=\"stk-column-wrapper stk-block-column__content stk-container stk-edfe4fa-container stk--no-background stk--no-padding\"><div class=\"stk-block-content stk-inner-blocks stk-edfe4fa-inner-blocks\">\n<figure class=\"wp-block-image aligncenter size-full is-resized\"><img loading=\"lazy\" decoding=\"async\" width=\"486\" height=\"486\" src=\"http:\/\/alumno07.shopenlaces.com.es\/alumno07wp\/wp-content\/uploads\/2026\/02\/Captura-4-2-edited.png\" alt=\"\" class=\"wp-image-876\" style=\"width:610px;height:auto\" srcset=\"http:\/\/alumno07.shopenlaces.com.es\/alumno07wp\/wp-content\/uploads\/2026\/02\/Captura-4-2-edited.png 486w, http:\/\/alumno07.shopenlaces.com.es\/alumno07wp\/wp-content\/uploads\/2026\/02\/Captura-4-2-edited-300x300.png 300w, http:\/\/alumno07.shopenlaces.com.es\/alumno07wp\/wp-content\/uploads\/2026\/02\/Captura-4-2-edited-150x150.png 150w, http:\/\/alumno07.shopenlaces.com.es\/alumno07wp\/wp-content\/uploads\/2026\/02\/Captura-4-2-edited-100x100.png 100w\" sizes=\"auto, (max-width: 486px) 100vw, 486px\" \/><\/figure>\n<\/div><\/div><\/div>\n\n\n\n<div class=\"wp-block-stackable-column stk-block-column stk-column stk-block stk-4b5f59c\" data-v=\"4\" data-block-id=\"4b5f59c\"><div class=\"stk-column-wrapper stk-block-column__content stk-container stk-4b5f59c-container stk--no-background stk--no-padding\"><div class=\"stk-block-content stk-inner-blocks stk-4b5f59c-inner-blocks\">\n<figure class=\"wp-block-image aligncenter size-full\"><img loading=\"lazy\" decoding=\"async\" width=\"542\" height=\"687\" src=\"http:\/\/alumno07.shopenlaces.com.es\/alumno07wp\/wp-content\/uploads\/2026\/02\/5456-1.png\" alt=\"\" class=\"wp-image-877\" srcset=\"http:\/\/alumno07.shopenlaces.com.es\/alumno07wp\/wp-content\/uploads\/2026\/02\/5456-1.png 542w, http:\/\/alumno07.shopenlaces.com.es\/alumno07wp\/wp-content\/uploads\/2026\/02\/5456-1-237x300.png 237w, http:\/\/alumno07.shopenlaces.com.es\/alumno07wp\/wp-content\/uploads\/2026\/02\/5456-1-500x634.png 500w\" sizes=\"auto, (max-width: 542px) 100vw, 542px\" \/><\/figure>\n<\/div><\/div><\/div>\n<\/div><div class=\"stk-block-carousel__buttons\"><button class=\"stk-block-carousel__button stk-block-carousel__button__prev\" aria-label=\"Previous slide\"><svg aria-hidden=\"true\" focusable=\"false\" data-prefix=\"fas\" data-icon=\"chevron-left\" class=\"svg-inline--fa fa-chevron-left\" xmlns=\"http:\/\/www.w3.org\/2000\/svg\" viewBox=\"0 0 320 512\" width=\"32\" height=\"32\"><path d=\"M34.52 239.03L228.87 44.69c9.37-9.37 24.57-9.37 33.94 0l22.67 22.67c9.36 9.36 9.37 24.52.04 33.9L131.49 256l154.02 154.75c9.34 9.38 9.32 24.54-.04 33.9l-22.67 22.67c-9.37 9.37-24.57 9.37-33.94 0L34.52 272.97c-9.37-9.37-9.37-24.57 0-33.94z\"><\/path><\/svg><\/button><button class=\"stk-block-carousel__button stk-block-carousel__button__next\" aria-label=\"Next slide\"><svg aria-hidden=\"true\" focusable=\"false\" data-prefix=\"fas\" data-icon=\"chevron-right\" class=\"svg-inline--fa fa-chevron-right\" xmlns=\"http:\/\/www.w3.org\/2000\/svg\" viewBox=\"0 0 320 512\" width=\"32\" height=\"32\"><path d=\"M285.476 272.971L91.132 467.314c-9.373 9.373-24.569 9.373-33.941 0l-22.667-22.667c-9.357-9.357-9.375-24.522-.04-33.901L188.505 256 34.484 101.255c-9.335-9.379-9.317-24.544.04-33.901l22.667-22.667c9.373-9.373 24.569-9.373 33.941 0L285.475 239.03c9.373 9.372 9.373 24.568.001 33.941z\"><\/path><\/svg><\/button><\/div><\/div><div class=\"stk-block-carousel__dots\" role=\"list\" data-label=\"Slide %%d\"><\/div><\/div><\/div>\n\n\n\n<div class=\"wp-block-stackable-text stk-block-text stk-block stk-24370d5\" data-block-id=\"24370d5\"><p class=\"stk-block-text__text\"><strong>Categor\u00eda:<\/strong> Botas de tac\u00f3n<\/p><\/div>\n\n\n\n<p><strong>Precio:<\/strong> 79\u00b495\u20ac<\/p>\n\n\n\n<p><strong>Referencia:<\/strong> R007<\/p>\n\n\n\n<p><strong>DESCRIPCI\u00d3N LARGA<\/strong><\/p>\n\n\n\n<p>Botas altas con textura de trapo, azul marino con tac\u00f3n fino y punta estilizada. Con detalles de tachuelas met\u00e1licas decorativas que recorren la bota en l\u00edneas onduladas, aportando un estilo sofisticado y llamativo. Perfectas para ocasiones especiales o looks de moda. Se adaptan a las tallas del <strong>38 al 41.<\/strong><\/p>\n\n\n\n<ul class=\"wp-block-list\">\n<li>Bota alta de mujer<\/li>\n\n\n\n<li>Gamuza azul marino<\/li>\n\n\n\n<li>Tac\u00f3n fino alto<\/li>\n\n\n\n<li>Punta fina<\/li>\n\n\n\n<li>Detalles de tachuelas<\/li>\n<\/ul>\n","protected":false},"excerpt":{"rendered":"<p>Categor\u00eda: Botas de tac\u00f3n Precio: 79\u00b495\u20ac Referencia: R007 DESCRIPCI\u00d3N LARGA Botas altas con textura de trapo, azul marino con tac\u00f3n fino y punta estilizada. Con detalles de tachuelas met\u00e1licas decorativas que recorren la bota en l\u00edneas onduladas, aportando un estilo sofisticado y llamativo. Perfectas para ocasiones especiales o looks de moda. Se adaptan a las [&hellip;]<\/p>\n","protected":false},"author":1,"featured_media":0,"parent":0,"menu_order":0,"comment_status":"closed","ping_status":"closed","template":"","meta":{"footnotes":""},"class_list":["post-857","page","type-page","status-publish","hentry"],"blocksy_meta":[],"_links":{"self":[{"href":"http:\/\/alumno07.shopenlaces.com.es\/alumno07wp\/index.php?rest_route=\/wp\/v2\/pages\/857","targetHints":{"allow":["GET"]}}],"collection":[{"href":"http:\/\/alumno07.shopenlaces.com.es\/alumno07wp\/index.php?rest_route=\/wp\/v2\/pages"}],"about":[{"href":"http:\/\/alumno07.shopenlaces.com.es\/alumno07wp\/index.php?rest_route=\/wp\/v2\/types\/page"}],"author":[{"embeddable":true,"href":"http:\/\/alumno07.shopenlaces.com.es\/alumno07wp\/index.php?rest_route=\/wp\/v2\/users\/1"}],"replies":[{"embeddable":true,"href":"http:\/\/alumno07.shopenlaces.com.es\/alumno07wp\/index.php?rest_route=%2Fwp%2Fv2%2Fcomments&post=857"}],"version-history":[{"count":1,"href":"http:\/\/alumno07.shopenlaces.com.es\/alumno07wp\/index.php?rest_route=\/wp\/v2\/pages\/857\/revisions"}],"predecessor-version":[{"id":878,"href":"http:\/\/alumno07.shopenlaces.com.es\/alumno07wp\/index.php?rest_route=\/wp\/v2\/pages\/857\/revisions\/878"}],"wp:attachment":[{"href":"http:\/\/alumno07.shopenlaces.com.es\/alumno07wp\/index.php?rest_route=%2Fwp%2Fv2%2Fmedia&parent=857"}],"curies":[{"name":"wp","href":"https:\/\/api.w.org\/{rel}","templated":true}]}}