{"id":846,"date":"2026-02-03T19:59:58","date_gmt":"2026-02-03T18:59:58","guid":{"rendered":"http:\/\/alumno07.shopenlaces.com.es\/alumno07wp\/?page_id=846"},"modified":"2026-02-03T19:59:58","modified_gmt":"2026-02-03T18:59:58","slug":"zapato-mary-jane-cherine-burdeos-charol","status":"publish","type":"page","link":"http:\/\/alumno07.shopenlaces.com.es\/alumno07wp\/?page_id=846","title":{"rendered":"Zapato Mary Jane \u00abCherine\u00bb \u2013 Burdeos Charol"},"content":{"rendered":"\n<div class=\"wp-block-stackable-carousel stk-block-carousel stk--is-slide stk--arrows-justify-space-between stk--arrows-align-center stk-block stk-15a2f9f\" data-slides-to-show=\"\" data-block-id=\"15a2f9f\"><div class=\"stk-block-carousel__content-wrapper\"><div class=\"stk-row stk-inner-blocks stk-block-content stk-block-carousel__slider-wrapper stk-content-align stk-15a2f9f-column\"><div class=\"stk-block-carousel__slider\" role=\"list\" data-autoplay=\"4000\" data-label-slide-of=\"Slide %%d of %%d\" tabindex=\"0\">\n<div class=\"wp-block-stackable-column stk-block-column stk-column stk-block stk-f8f7e38\" data-v=\"4\" data-block-id=\"f8f7e38\"><div class=\"stk-column-wrapper stk-block-column__content stk-container stk-f8f7e38-container stk--no-background stk--no-padding\"><div class=\"stk-block-content stk-inner-blocks stk-f8f7e38-inner-blocks\">\n<figure class=\"wp-block-image aligncenter size-full is-resized\"><img loading=\"lazy\" decoding=\"async\" width=\"850\" height=\"850\" src=\"http:\/\/alumno07.shopenlaces.com.es\/alumno07wp\/wp-content\/uploads\/2026\/02\/zapatos-salon-burdeos-cherine-zapatos-mujer-1.png\" alt=\"\" class=\"wp-image-847\" style=\"width:700px;height:auto\" srcset=\"http:\/\/alumno07.shopenlaces.com.es\/alumno07wp\/wp-content\/uploads\/2026\/02\/zapatos-salon-burdeos-cherine-zapatos-mujer-1.png 850w, http:\/\/alumno07.shopenlaces.com.es\/alumno07wp\/wp-content\/uploads\/2026\/02\/zapatos-salon-burdeos-cherine-zapatos-mujer-1-300x300.png 300w, http:\/\/alumno07.shopenlaces.com.es\/alumno07wp\/wp-content\/uploads\/2026\/02\/zapatos-salon-burdeos-cherine-zapatos-mujer-1-150x150.png 150w, http:\/\/alumno07.shopenlaces.com.es\/alumno07wp\/wp-content\/uploads\/2026\/02\/zapatos-salon-burdeos-cherine-zapatos-mujer-1-768x768.png 768w, http:\/\/alumno07.shopenlaces.com.es\/alumno07wp\/wp-content\/uploads\/2026\/02\/zapatos-salon-burdeos-cherine-zapatos-mujer-1-500x500.png 500w, http:\/\/alumno07.shopenlaces.com.es\/alumno07wp\/wp-content\/uploads\/2026\/02\/zapatos-salon-burdeos-cherine-zapatos-mujer-1-600x600.png 600w, http:\/\/alumno07.shopenlaces.com.es\/alumno07wp\/wp-content\/uploads\/2026\/02\/zapatos-salon-burdeos-cherine-zapatos-mujer-1-100x100.png 100w\" sizes=\"auto, (max-width: 850px) 100vw, 850px\" \/><\/figure>\n<\/div><\/div><\/div>\n\n\n\n<div class=\"wp-block-stackable-column stk-block-column stk-column stk-block stk-c7ab637\" data-v=\"4\" data-block-id=\"c7ab637\"><div class=\"stk-column-wrapper stk-block-column__content stk-container stk-c7ab637-container stk--no-background stk--no-padding\"><div class=\"stk-block-content stk-inner-blocks stk-c7ab637-inner-blocks\">\n<figure class=\"wp-block-image aligncenter size-full is-resized\"><img loading=\"lazy\" decoding=\"async\" width=\"643\" height=\"601\" src=\"http:\/\/alumno07.shopenlaces.com.es\/alumno07wp\/wp-content\/uploads\/2026\/02\/Captura88-1.png\" alt=\"\" class=\"wp-image-848\" style=\"width:709px;height:auto\" srcset=\"http:\/\/alumno07.shopenlaces.com.es\/alumno07wp\/wp-content\/uploads\/2026\/02\/Captura88-1.png 643w, http:\/\/alumno07.shopenlaces.com.es\/alumno07wp\/wp-content\/uploads\/2026\/02\/Captura88-1-300x280.png 300w, http:\/\/alumno07.shopenlaces.com.es\/alumno07wp\/wp-content\/uploads\/2026\/02\/Captura88-1-500x467.png 500w, http:\/\/alumno07.shopenlaces.com.es\/alumno07wp\/wp-content\/uploads\/2026\/02\/Captura88-1-600x561.png 600w\" sizes=\"auto, (max-width: 643px) 100vw, 643px\" \/><\/figure>\n<\/div><\/div><\/div>\n\n\n\n<div class=\"wp-block-stackable-column stk-block-column stk-column stk-block stk-4e9091a\" data-v=\"4\" data-block-id=\"4e9091a\"><div class=\"stk-column-wrapper stk-block-column__content stk-container stk-4e9091a-container stk--no-background stk--no-padding\"><div class=\"stk-block-content stk-inner-blocks stk-4e9091a-inner-blocks\">\n<figure class=\"wp-block-image aligncenter size-full is-resized\"><img loading=\"lazy\" decoding=\"async\" width=\"664\" height=\"604\" src=\"http:\/\/alumno07.shopenlaces.com.es\/alumno07wp\/wp-content\/uploads\/2026\/02\/888-1.png\" alt=\"\" class=\"wp-image-850\" style=\"width:704px;height:auto\" srcset=\"http:\/\/alumno07.shopenlaces.com.es\/alumno07wp\/wp-content\/uploads\/2026\/02\/888-1.png 664w, http:\/\/alumno07.shopenlaces.com.es\/alumno07wp\/wp-content\/uploads\/2026\/02\/888-1-300x273.png 300w, http:\/\/alumno07.shopenlaces.com.es\/alumno07wp\/wp-content\/uploads\/2026\/02\/888-1-500x455.png 500w, http:\/\/alumno07.shopenlaces.com.es\/alumno07wp\/wp-content\/uploads\/2026\/02\/888-1-600x546.png 600w\" sizes=\"auto, (max-width: 664px) 100vw, 664px\" \/><\/figure>\n<\/div><\/div><\/div>\n<\/div><div class=\"stk-block-carousel__buttons\"><button class=\"stk-block-carousel__button stk-block-carousel__button__prev\" aria-label=\"Previous slide\"><svg aria-hidden=\"true\" focusable=\"false\" data-prefix=\"fas\" data-icon=\"chevron-left\" class=\"svg-inline--fa fa-chevron-left\" xmlns=\"http:\/\/www.w3.org\/2000\/svg\" viewBox=\"0 0 320 512\" width=\"32\" height=\"32\"><path d=\"M34.52 239.03L228.87 44.69c9.37-9.37 24.57-9.37 33.94 0l22.67 22.67c9.36 9.36 9.37 24.52.04 33.9L131.49 256l154.02 154.75c9.34 9.38 9.32 24.54-.04 33.9l-22.67 22.67c-9.37 9.37-24.57 9.37-33.94 0L34.52 272.97c-9.37-9.37-9.37-24.57 0-33.94z\"><\/path><\/svg><\/button><button class=\"stk-block-carousel__button stk-block-carousel__button__next\" aria-label=\"Next slide\"><svg aria-hidden=\"true\" focusable=\"false\" data-prefix=\"fas\" data-icon=\"chevron-right\" class=\"svg-inline--fa fa-chevron-right\" xmlns=\"http:\/\/www.w3.org\/2000\/svg\" viewBox=\"0 0 320 512\" width=\"32\" height=\"32\"><path d=\"M285.476 272.971L91.132 467.314c-9.373 9.373-24.569 9.373-33.941 0l-22.667-22.667c-9.357-9.357-9.375-24.522-.04-33.901L188.505 256 34.484 101.255c-9.335-9.379-9.317-24.544.04-33.901l22.667-22.667c9.373-9.373 24.569-9.373 33.941 0L285.475 239.03c9.373 9.372 9.373 24.568.001 33.941z\"><\/path><\/svg><\/button><\/div><\/div><div class=\"stk-block-carousel__dots\" role=\"list\" data-label=\"Slide %%d\"><\/div><\/div><\/div>\n\n\n\n<div class=\"wp-block-stackable-text stk-block-text stk-block stk-ea3fd3e\" data-block-id=\"ea3fd3e\"><p class=\"stk-block-text__text\"><strong>Categor\u00eda:<\/strong> Tacones de fiesta<\/p><\/div>\n\n\n\n<p><strong>Precio:<\/strong> 47\u00b495\u20ac<\/p>\n\n\n\n<p><strong>Referencia:<\/strong> R034<\/p>\n\n\n\n<p><strong>DESCRIPCI\u00d3N LARGA<\/strong><\/p>\n\n\n\n<p>Una versi\u00f3n moderna de un cl\u00e1sico que nunca falla. Su color burdeos intenso y su acabado brillante hacen que sea el centro de todas las miradas y le den un toque especial a cualquier outfit. Se adaptan a las tallas del <strong>38 al 40.<\/strong><\/p>\n\n\n\n<ul class=\"wp-block-list\">\n<li>Charol brillante, llamativo y f\u00e1cil de limpiar<\/li>\n\n\n\n<li>Doble hebilla para mejor ajuste y estilo<\/li>\n\n\n\n<li>Tac\u00f3n medio ancho, c\u00f3modo y estable<\/li>\n<\/ul>\n","protected":false},"excerpt":{"rendered":"<p>Categor\u00eda: Tacones de fiesta Precio: 47\u00b495\u20ac Referencia: R034 DESCRIPCI\u00d3N LARGA Una versi\u00f3n moderna de un cl\u00e1sico que nunca falla. Su color burdeos intenso y su acabado brillante hacen que sea el centro de todas las miradas y le den un toque especial a cualquier outfit. Se adaptan a las tallas del 38 al 40.<\/p>\n","protected":false},"author":1,"featured_media":0,"parent":0,"menu_order":0,"comment_status":"closed","ping_status":"closed","template":"","meta":{"footnotes":""},"class_list":["post-846","page","type-page","status-publish","hentry"],"blocksy_meta":[],"_links":{"self":[{"href":"http:\/\/alumno07.shopenlaces.com.es\/alumno07wp\/index.php?rest_route=\/wp\/v2\/pages\/846","targetHints":{"allow":["GET"]}}],"collection":[{"href":"http:\/\/alumno07.shopenlaces.com.es\/alumno07wp\/index.php?rest_route=\/wp\/v2\/pages"}],"about":[{"href":"http:\/\/alumno07.shopenlaces.com.es\/alumno07wp\/index.php?rest_route=\/wp\/v2\/types\/page"}],"author":[{"embeddable":true,"href":"http:\/\/alumno07.shopenlaces.com.es\/alumno07wp\/index.php?rest_route=\/wp\/v2\/users\/1"}],"replies":[{"embeddable":true,"href":"http:\/\/alumno07.shopenlaces.com.es\/alumno07wp\/index.php?rest_route=%2Fwp%2Fv2%2Fcomments&post=846"}],"version-history":[{"count":1,"href":"http:\/\/alumno07.shopenlaces.com.es\/alumno07wp\/index.php?rest_route=\/wp\/v2\/pages\/846\/revisions"}],"predecessor-version":[{"id":851,"href":"http:\/\/alumno07.shopenlaces.com.es\/alumno07wp\/index.php?rest_route=\/wp\/v2\/pages\/846\/revisions\/851"}],"wp:attachment":[{"href":"http:\/\/alumno07.shopenlaces.com.es\/alumno07wp\/index.php?rest_route=%2Fwp%2Fv2%2Fmedia&parent=846"}],"curies":[{"name":"wp","href":"https:\/\/api.w.org\/{rel}","templated":true}]}}