{"id":845,"date":"2026-02-03T20:08:18","date_gmt":"2026-02-03T19:08:18","guid":{"rendered":"http:\/\/alumno07.shopenlaces.com.es\/alumno07wp\/?page_id=845"},"modified":"2026-02-03T20:08:18","modified_gmt":"2026-02-03T19:08:18","slug":"skechers-slip-ins-negro","status":"publish","type":"page","link":"http:\/\/alumno07.shopenlaces.com.es\/alumno07wp\/?page_id=845","title":{"rendered":"Skechers Slip-Ins negro"},"content":{"rendered":"\n<div class=\"wp-block-stackable-carousel aligncenter stk-block-carousel stk--is-slide stk--arrows-justify-space-between stk--arrows-align-center stk-block stk-122df28\" data-slides-to-show=\"\" data-block-id=\"122df28\"><div class=\"stk-block-carousel__content-wrapper\"><div class=\"stk-row stk-inner-blocks stk-block-content stk-block-carousel__slider-wrapper stk-content-align stk-122df28-column\"><div class=\"stk-block-carousel__slider\" role=\"list\" data-autoplay=\"4000\" data-label-slide-of=\"Slide %%d of %%d\" tabindex=\"0\">\n<div class=\"wp-block-stackable-column stk-block-column stk-column stk-block stk-e6075f1\" data-v=\"4\" data-block-id=\"e6075f1\"><div class=\"stk-column-wrapper stk-block-column__content stk-container stk-e6075f1-container stk--no-background stk--no-padding\"><div class=\"stk-block-content stk-inner-blocks stk-e6075f1-inner-blocks\">\n<figure class=\"wp-block-image aligncenter size-full is-resized\"><img loading=\"lazy\" decoding=\"async\" width=\"640\" height=\"782\" src=\"http:\/\/alumno07.shopenlaces.com.es\/alumno07wp\/wp-content\/uploads\/2026\/02\/zapatillas-para-caminar-skechers-216326-1.png\" alt=\"\" class=\"wp-image-852\" style=\"aspect-ratio:0.8184254758551764;width:614px;height:auto\" srcset=\"http:\/\/alumno07.shopenlaces.com.es\/alumno07wp\/wp-content\/uploads\/2026\/02\/zapatillas-para-caminar-skechers-216326-1.png 640w, http:\/\/alumno07.shopenlaces.com.es\/alumno07wp\/wp-content\/uploads\/2026\/02\/zapatillas-para-caminar-skechers-216326-1-246x300.png 246w, http:\/\/alumno07.shopenlaces.com.es\/alumno07wp\/wp-content\/uploads\/2026\/02\/zapatillas-para-caminar-skechers-216326-1-500x611.png 500w, http:\/\/alumno07.shopenlaces.com.es\/alumno07wp\/wp-content\/uploads\/2026\/02\/zapatillas-para-caminar-skechers-216326-1-600x733.png 600w\" sizes=\"auto, (max-width: 640px) 100vw, 640px\" \/><\/figure>\n<\/div><\/div><\/div>\n\n\n\n<div class=\"wp-block-stackable-column stk-block-column stk-column stk-block stk-c1c18e3\" data-v=\"4\" data-block-id=\"c1c18e3\"><div class=\"stk-column-wrapper stk-block-column__content stk-container stk-c1c18e3-container stk--no-background stk--no-padding\"><div class=\"stk-block-content stk-inner-blocks stk-c1c18e3-inner-blocks\">\n<figure class=\"wp-block-image aligncenter size-full is-resized\"><img loading=\"lazy\" decoding=\"async\" width=\"770\" height=\"612\" src=\"http:\/\/alumno07.shopenlaces.com.es\/alumno07wp\/wp-content\/uploads\/2026\/02\/74-1.png\" alt=\"\" class=\"wp-image-853\" style=\"width:677px;height:auto\" srcset=\"http:\/\/alumno07.shopenlaces.com.es\/alumno07wp\/wp-content\/uploads\/2026\/02\/74-1.png 770w, http:\/\/alumno07.shopenlaces.com.es\/alumno07wp\/wp-content\/uploads\/2026\/02\/74-1-300x238.png 300w, http:\/\/alumno07.shopenlaces.com.es\/alumno07wp\/wp-content\/uploads\/2026\/02\/74-1-768x610.png 768w, http:\/\/alumno07.shopenlaces.com.es\/alumno07wp\/wp-content\/uploads\/2026\/02\/74-1-500x397.png 500w, http:\/\/alumno07.shopenlaces.com.es\/alumno07wp\/wp-content\/uploads\/2026\/02\/74-1-600x477.png 600w\" sizes=\"auto, (max-width: 770px) 100vw, 770px\" \/><\/figure>\n<\/div><\/div><\/div>\n\n\n\n<div class=\"wp-block-stackable-column stk-block-column stk-column stk-block stk-152931c\" data-v=\"4\" data-block-id=\"152931c\"><div class=\"stk-column-wrapper stk-block-column__content stk-container stk-152931c-container stk--no-background stk--no-padding\"><div class=\"stk-block-content stk-inner-blocks stk-152931c-inner-blocks\">\n<figure class=\"wp-block-image aligncenter size-full is-resized\"><img loading=\"lazy\" decoding=\"async\" width=\"752\" height=\"524\" src=\"http:\/\/alumno07.shopenlaces.com.es\/alumno07wp\/wp-content\/uploads\/2026\/02\/744-1.png\" alt=\"\" class=\"wp-image-854\" style=\"width:778px;height:auto\" srcset=\"http:\/\/alumno07.shopenlaces.com.es\/alumno07wp\/wp-content\/uploads\/2026\/02\/744-1.png 752w, http:\/\/alumno07.shopenlaces.com.es\/alumno07wp\/wp-content\/uploads\/2026\/02\/744-1-300x209.png 300w, http:\/\/alumno07.shopenlaces.com.es\/alumno07wp\/wp-content\/uploads\/2026\/02\/744-1-500x348.png 500w, http:\/\/alumno07.shopenlaces.com.es\/alumno07wp\/wp-content\/uploads\/2026\/02\/744-1-600x418.png 600w\" sizes=\"auto, (max-width: 752px) 100vw, 752px\" \/><\/figure>\n<\/div><\/div><\/div>\n<\/div><div class=\"stk-block-carousel__buttons\"><button class=\"stk-block-carousel__button stk-block-carousel__button__prev\" aria-label=\"Previous slide\"><svg aria-hidden=\"true\" focusable=\"false\" data-prefix=\"fas\" data-icon=\"chevron-left\" class=\"svg-inline--fa fa-chevron-left\" xmlns=\"http:\/\/www.w3.org\/2000\/svg\" viewBox=\"0 0 320 512\" width=\"32\" height=\"32\"><path d=\"M34.52 239.03L228.87 44.69c9.37-9.37 24.57-9.37 33.94 0l22.67 22.67c9.36 9.36 9.37 24.52.04 33.9L131.49 256l154.02 154.75c9.34 9.38 9.32 24.54-.04 33.9l-22.67 22.67c-9.37 9.37-24.57 9.37-33.94 0L34.52 272.97c-9.37-9.37-9.37-24.57 0-33.94z\"><\/path><\/svg><\/button><button class=\"stk-block-carousel__button stk-block-carousel__button__next\" aria-label=\"Next slide\"><svg aria-hidden=\"true\" focusable=\"false\" data-prefix=\"fas\" data-icon=\"chevron-right\" class=\"svg-inline--fa fa-chevron-right\" xmlns=\"http:\/\/www.w3.org\/2000\/svg\" viewBox=\"0 0 320 512\" width=\"32\" height=\"32\"><path d=\"M285.476 272.971L91.132 467.314c-9.373 9.373-24.569 9.373-33.941 0l-22.667-22.667c-9.357-9.357-9.375-24.522-.04-33.901L188.505 256 34.484 101.255c-9.335-9.379-9.317-24.544.04-33.901l22.667-22.667c9.373-9.373 24.569-9.373 33.941 0L285.475 239.03c9.373 9.372 9.373 24.568.001 33.941z\"><\/path><\/svg><\/button><\/div><\/div><div class=\"stk-block-carousel__dots\" role=\"list\" data-label=\"Slide %%d\"><\/div><\/div><\/div>\n\n\n\n<div class=\"wp-block-stackable-text stk-block-text stk-block stk-c56c18e\" data-block-id=\"c56c18e\"><p class=\"stk-block-text__text\"><strong>Categor\u00eda: <\/strong>Deportivo\/Casual<\/p><\/div>\n\n\n\n<p><strong>Precio:<\/strong> 59\u20ac<\/p>\n\n\n\n<p><strong>Referencia: <\/strong>R0099<\/p>\n\n\n\n<p><strong>DESCRIPCI\u00d3N LARGA<\/strong><\/p>\n\n\n\n<p>Este modelo est\u00e1 pensado para hacerte la vida m\u00e1s f\u00e1cil.Gracias a su sistema de calzado f\u00e1cil, es ideal para quienes buscan comodidad desde el primer momento y quieren sentirse bien durante todo el d\u00eda. Se adaptan a las tallas del<strong> 38 al 42.<\/strong><\/p>\n\n\n\n<ul class=\"wp-block-list\">\n<li>Heel Pillow para calzarte sin usar las manos.<\/li>\n\n\n\n<li>Amortiguaci\u00f3n GO WALK que absorbe impactos.<\/li>\n\n\n\n<li>Tejido transpirable que mantiene el pie fresco.<\/li>\n<\/ul>\n","protected":false},"excerpt":{"rendered":"<p>Categor\u00eda: Deportivo\/Casual Precio: 59\u20ac Referencia: R0099 DESCRIPCI\u00d3N LARGA Este modelo est\u00e1 pensado para hacerte la vida m\u00e1s f\u00e1cil.Gracias a su sistema de calzado f\u00e1cil, es ideal para quienes buscan comodidad desde el primer momento y quieren sentirse bien durante todo el d\u00eda. Se adaptan a las tallas del 38 al 42.<\/p>\n","protected":false},"author":1,"featured_media":0,"parent":0,"menu_order":0,"comment_status":"closed","ping_status":"closed","template":"","meta":{"footnotes":""},"class_list":["post-845","page","type-page","status-publish","hentry"],"blocksy_meta":[],"_links":{"self":[{"href":"http:\/\/alumno07.shopenlaces.com.es\/alumno07wp\/index.php?rest_route=\/wp\/v2\/pages\/845","targetHints":{"allow":["GET"]}}],"collection":[{"href":"http:\/\/alumno07.shopenlaces.com.es\/alumno07wp\/index.php?rest_route=\/wp\/v2\/pages"}],"about":[{"href":"http:\/\/alumno07.shopenlaces.com.es\/alumno07wp\/index.php?rest_route=\/wp\/v2\/types\/page"}],"author":[{"embeddable":true,"href":"http:\/\/alumno07.shopenlaces.com.es\/alumno07wp\/index.php?rest_route=\/wp\/v2\/users\/1"}],"replies":[{"embeddable":true,"href":"http:\/\/alumno07.shopenlaces.com.es\/alumno07wp\/index.php?rest_route=%2Fwp%2Fv2%2Fcomments&post=845"}],"version-history":[{"count":1,"href":"http:\/\/alumno07.shopenlaces.com.es\/alumno07wp\/index.php?rest_route=\/wp\/v2\/pages\/845\/revisions"}],"predecessor-version":[{"id":855,"href":"http:\/\/alumno07.shopenlaces.com.es\/alumno07wp\/index.php?rest_route=\/wp\/v2\/pages\/845\/revisions\/855"}],"wp:attachment":[{"href":"http:\/\/alumno07.shopenlaces.com.es\/alumno07wp\/index.php?rest_route=%2Fwp%2Fv2%2Fmedia&parent=845"}],"curies":[{"name":"wp","href":"https:\/\/api.w.org\/{rel}","templated":true}]}}