{"id":793,"date":"2026-01-28T16:42:13","date_gmt":"2026-01-28T15:42:13","guid":{"rendered":"http:\/\/alumno07.shopenlaces.com.es\/alumno07wp\/?page_id=793"},"modified":"2026-02-02T16:56:58","modified_gmt":"2026-02-02T15:56:58","slug":"xti-petrol-blue","status":"publish","type":"page","link":"http:\/\/alumno07.shopenlaces.com.es\/alumno07wp\/?page_id=793","title":{"rendered":"XTI Petrol Blue"},"content":{"rendered":"\n<div class=\"wp-block-stackable-carousel stk-block-carousel stk--is-slide stk--arrows-justify-space-between stk--arrows-align-center stk-block stk-1eddba8\" data-slides-to-show=\"\" data-block-id=\"1eddba8\"><div class=\"stk-block-carousel__content-wrapper\"><div class=\"stk-row stk-inner-blocks stk-block-content stk-block-carousel__slider-wrapper stk-content-align stk-1eddba8-column\"><div class=\"stk-block-carousel__slider\" role=\"list\" data-autoplay=\"4000\" data-label-slide-of=\"Slide %%d of %%d\" tabindex=\"0\">\n<div class=\"wp-block-stackable-column stk-block-column stk-column stk-block stk-d4ed80f\" data-v=\"4\" data-block-id=\"d4ed80f\"><div class=\"stk-column-wrapper stk-block-column__content stk-container stk-d4ed80f-container stk--no-background stk--no-padding\"><div class=\"stk-block-content stk-inner-blocks stk-d4ed80f-inner-blocks\">\n<figure class=\"wp-block-image aligncenter size-full is-resized\"><img loading=\"lazy\" decoding=\"async\" width=\"800\" height=\"800\" src=\"http:\/\/alumno07.shopenlaces.com.es\/alumno07wp\/wp-content\/uploads\/2026\/01\/14339710_38-1.webp\" alt=\"\" class=\"wp-image-796\" style=\"width:778px;height:auto\" srcset=\"http:\/\/alumno07.shopenlaces.com.es\/alumno07wp\/wp-content\/uploads\/2026\/01\/14339710_38-1.webp 800w, http:\/\/alumno07.shopenlaces.com.es\/alumno07wp\/wp-content\/uploads\/2026\/01\/14339710_38-1-300x300.webp 300w, http:\/\/alumno07.shopenlaces.com.es\/alumno07wp\/wp-content\/uploads\/2026\/01\/14339710_38-1-150x150.webp 150w, http:\/\/alumno07.shopenlaces.com.es\/alumno07wp\/wp-content\/uploads\/2026\/01\/14339710_38-1-768x768.webp 768w, http:\/\/alumno07.shopenlaces.com.es\/alumno07wp\/wp-content\/uploads\/2026\/01\/14339710_38-1-500x500.webp 500w, http:\/\/alumno07.shopenlaces.com.es\/alumno07wp\/wp-content\/uploads\/2026\/01\/14339710_38-1-600x600.webp 600w, http:\/\/alumno07.shopenlaces.com.es\/alumno07wp\/wp-content\/uploads\/2026\/01\/14339710_38-1-100x100.webp 100w\" sizes=\"auto, (max-width: 800px) 100vw, 800px\" \/><\/figure>\n<\/div><\/div><\/div>\n\n\n\n<div class=\"wp-block-stackable-column stk-block-column stk-column stk-block stk-5706ddb\" data-v=\"4\" data-block-id=\"5706ddb\"><div class=\"stk-column-wrapper stk-block-column__content stk-container stk-5706ddb-container stk--no-background stk--no-padding\"><div class=\"stk-block-content stk-inner-blocks stk-5706ddb-inner-blocks\">\n<div class=\"wp-block-stackable-image alignfull stk-block-image stk-block stk-f166846\" data-block-id=\"f166846\"><style>.stk-f166846 .stk-img-wrapper{width:900px !important;height:600px !important;filter:drop-shadow(none) !important;}.stk-f166846 .stk-img-wrapper img{transform:scale(0.97) !important;}<\/style><figure><span class=\"stk-img-wrapper stk-image--shape-stretch stk--shadow-none\"><img loading=\"lazy\" decoding=\"async\" class=\"stk-img wp-image-797\" src=\"http:\/\/alumno07.shopenlaces.com.es\/alumno07wp\/wp-content\/uploads\/2026\/01\/51HgaaaMbkL._AC_SY625_-1.png\" width=\"864\" height=\"575\" srcset=\"http:\/\/alumno07.shopenlaces.com.es\/alumno07wp\/wp-content\/uploads\/2026\/01\/51HgaaaMbkL._AC_SY625_-1.png 864w, http:\/\/alumno07.shopenlaces.com.es\/alumno07wp\/wp-content\/uploads\/2026\/01\/51HgaaaMbkL._AC_SY625_-1-300x200.png 300w, http:\/\/alumno07.shopenlaces.com.es\/alumno07wp\/wp-content\/uploads\/2026\/01\/51HgaaaMbkL._AC_SY625_-1-768x511.png 768w, http:\/\/alumno07.shopenlaces.com.es\/alumno07wp\/wp-content\/uploads\/2026\/01\/51HgaaaMbkL._AC_SY625_-1-500x333.png 500w, http:\/\/alumno07.shopenlaces.com.es\/alumno07wp\/wp-content\/uploads\/2026\/01\/51HgaaaMbkL._AC_SY625_-1-600x399.png 600w\" sizes=\"auto, (max-width: 864px) 100vw, 864px\" \/><\/span><\/figure><\/div>\n<\/div><\/div><\/div>\n\n\n\n<div class=\"wp-block-stackable-column stk-block-column stk-column stk-block stk-69b4fae\" data-v=\"4\" data-block-id=\"69b4fae\"><div class=\"stk-column-wrapper stk-block-column__content stk-container stk-69b4fae-container stk--no-background stk--no-padding\"><div class=\"stk-block-content stk-inner-blocks stk-69b4fae-inner-blocks\">\n<figure class=\"wp-block-image aligncenter size-full is-resized\"><img loading=\"lazy\" decoding=\"async\" width=\"904\" height=\"541\" src=\"http:\/\/alumno07.shopenlaces.com.es\/alumno07wp\/wp-content\/uploads\/2026\/01\/51WJw5-U8pL._AC_SY625_.png\" alt=\"\" class=\"wp-image-801\" style=\"aspect-ratio:1.6709862751356528;width:973px;height:auto\" srcset=\"http:\/\/alumno07.shopenlaces.com.es\/alumno07wp\/wp-content\/uploads\/2026\/01\/51WJw5-U8pL._AC_SY625_.png 904w, http:\/\/alumno07.shopenlaces.com.es\/alumno07wp\/wp-content\/uploads\/2026\/01\/51WJw5-U8pL._AC_SY625_-300x180.png 300w, http:\/\/alumno07.shopenlaces.com.es\/alumno07wp\/wp-content\/uploads\/2026\/01\/51WJw5-U8pL._AC_SY625_-768x460.png 768w, http:\/\/alumno07.shopenlaces.com.es\/alumno07wp\/wp-content\/uploads\/2026\/01\/51WJw5-U8pL._AC_SY625_-500x299.png 500w, http:\/\/alumno07.shopenlaces.com.es\/alumno07wp\/wp-content\/uploads\/2026\/01\/51WJw5-U8pL._AC_SY625_-600x359.png 600w\" sizes=\"auto, (max-width: 904px) 100vw, 904px\" \/><\/figure>\n<\/div><\/div><\/div>\n<\/div><div class=\"stk-block-carousel__buttons\"><button class=\"stk-block-carousel__button stk-block-carousel__button__prev\" aria-label=\"Previous slide\"><svg aria-hidden=\"true\" focusable=\"false\" data-prefix=\"fas\" data-icon=\"chevron-left\" class=\"svg-inline--fa fa-chevron-left\" xmlns=\"http:\/\/www.w3.org\/2000\/svg\" viewBox=\"0 0 320 512\" width=\"32\" height=\"32\"><path d=\"M34.52 239.03L228.87 44.69c9.37-9.37 24.57-9.37 33.94 0l22.67 22.67c9.36 9.36 9.37 24.52.04 33.9L131.49 256l154.02 154.75c9.34 9.38 9.32 24.54-.04 33.9l-22.67 22.67c-9.37 9.37-24.57 9.37-33.94 0L34.52 272.97c-9.37-9.37-9.37-24.57 0-33.94z\"><\/path><\/svg><\/button><button class=\"stk-block-carousel__button stk-block-carousel__button__next\" aria-label=\"Next slide\"><svg aria-hidden=\"true\" focusable=\"false\" data-prefix=\"fas\" data-icon=\"chevron-right\" class=\"svg-inline--fa fa-chevron-right\" xmlns=\"http:\/\/www.w3.org\/2000\/svg\" viewBox=\"0 0 320 512\" width=\"32\" height=\"32\"><path d=\"M285.476 272.971L91.132 467.314c-9.373 9.373-24.569 9.373-33.941 0l-22.667-22.667c-9.357-9.357-9.375-24.522-.04-33.901L188.505 256 34.484 101.255c-9.335-9.379-9.317-24.544.04-33.901l22.667-22.667c9.373-9.373 24.569-9.373 33.941 0L285.475 239.03c9.373 9.372 9.373 24.568.001 33.941z\"><\/path><\/svg><\/button><\/div><\/div><div class=\"stk-block-carousel__dots\" role=\"list\" data-label=\"Slide %%d\"><\/div><\/div><\/div>\n\n\n\n<div class=\"wp-block-stackable-text stk-block-text stk-block stk-094bb82\" data-block-id=\"094bb82\"><p class=\"stk-block-text__text\"><strong>Categor\u00eda:<\/strong> SNEAKER<\/p><\/div>\n\n\n\n<p><strong>Precio: <\/strong>34\u00b495\u20ac<\/p>\n\n\n\n<p><strong>Referencia:<\/strong> R087<\/p>\n\n\n\n<div class=\"wp-block-stackable-text stk-block-text stk-block stk-6e6305e\" data-block-id=\"6e6305e\"><p class=\"stk-block-text__text\"><strong>DESCRIPCI\u00d3N LARGA<\/strong><\/p><\/div>\n\n\n\n<p>Este modelo de Xti tiene un dise\u00f1o inspirado en el estilo retro-running, con un bonito color azul petr\u00f3leo y detalles que lo hacen perfecto para usar todos los d\u00edas. Es un calzado c\u00f3modo, f\u00e1cil de combinar y muy en tendencia. Se adaptan a las tallas del 38 al 41.<\/p>\n\n\n\n<ul class=\"wp-block-list\">\n<li>Serraje y sint\u00e9tico.<\/li>\n\n\n\n<li>\u00abX\u00bb lateral.<\/li>\n\n\n\n<li>Goma antideslizante.<\/li>\n<\/ul>\n\n\n\n<p><\/p>\n","protected":false},"excerpt":{"rendered":"<p>Categor\u00eda: SNEAKER Precio: 34\u00b495\u20ac Referencia: R087 DESCRIPCI\u00d3N LARGA Este modelo de Xti tiene un dise\u00f1o inspirado en el estilo retro-running, con un bonito color azul petr\u00f3leo y detalles que lo hacen perfecto para usar todos los d\u00edas. Es un calzado c\u00f3modo, f\u00e1cil de combinar y muy en tendencia. Se adaptan a las tallas del 38 [&hellip;]<\/p>\n","protected":false},"author":1,"featured_media":0,"parent":0,"menu_order":0,"comment_status":"closed","ping_status":"closed","template":"","meta":{"footnotes":""},"class_list":["post-793","page","type-page","status-publish","hentry"],"blocksy_meta":[],"_links":{"self":[{"href":"http:\/\/alumno07.shopenlaces.com.es\/alumno07wp\/index.php?rest_route=\/wp\/v2\/pages\/793","targetHints":{"allow":["GET"]}}],"collection":[{"href":"http:\/\/alumno07.shopenlaces.com.es\/alumno07wp\/index.php?rest_route=\/wp\/v2\/pages"}],"about":[{"href":"http:\/\/alumno07.shopenlaces.com.es\/alumno07wp\/index.php?rest_route=\/wp\/v2\/types\/page"}],"author":[{"embeddable":true,"href":"http:\/\/alumno07.shopenlaces.com.es\/alumno07wp\/index.php?rest_route=\/wp\/v2\/users\/1"}],"replies":[{"embeddable":true,"href":"http:\/\/alumno07.shopenlaces.com.es\/alumno07wp\/index.php?rest_route=%2Fwp%2Fv2%2Fcomments&post=793"}],"version-history":[{"count":5,"href":"http:\/\/alumno07.shopenlaces.com.es\/alumno07wp\/index.php?rest_route=\/wp\/v2\/pages\/793\/revisions"}],"predecessor-version":[{"id":817,"href":"http:\/\/alumno07.shopenlaces.com.es\/alumno07wp\/index.php?rest_route=\/wp\/v2\/pages\/793\/revisions\/817"}],"wp:attachment":[{"href":"http:\/\/alumno07.shopenlaces.com.es\/alumno07wp\/index.php?rest_route=%2Fwp%2Fv2%2Fmedia&parent=793"}],"curies":[{"name":"wp","href":"https:\/\/api.w.org\/{rel}","templated":true}]}}