{"id":14,"date":"2022-05-24T14:57:58","date_gmt":"2022-05-24T14:57:58","guid":{"rendered":"https:\/\/startersites.io\/blocksy\/barber-shop\/?page_id=14"},"modified":"2026-02-04T17:09:52","modified_gmt":"2026-02-04T16:09:52","slug":"about","status":"publish","type":"page","link":"http:\/\/alumno07.shopenlaces.com.es\/alumno07wp\/?page_id=14","title":{"rendered":"Sobre Nosotros"},"content":{"rendered":"\n<div class=\"wp-block-stackable-columns aligncenter stk-block-columns stk-block stk-2745f65 stk-block-background stk--has-background-overlay\" data-block-id=\"2745f65\"><style>.stk-2745f65 {background-color:var(--theme-palette-color-4, #1A1E21) !important;background-image:url(http:\/\/alumno07.shopenlaces.com.es\/alumno07wp\/wp-content\/uploads\/2026\/02\/Black-and-Teal-Modern-Web-Developer-Presentation-1-1-e1770221331141.jpg) !important;padding-top:100px !important;padding-bottom:100px !important;margin-bottom:0px !important;}.stk-2745f65:before{background-color:var(--theme-palette-color-4, #1A1E21) !important;opacity:0.5 !important;}<\/style><div class=\"stk-row stk-inner-blocks stk-block-content stk-content-align stk-2745f65-column\">\n<div class=\"wp-block-stackable-column stk-block-column stk-column stk-block stk-1764027\" data-block-id=\"1764027\"><style>.stk-1764027-container{margin-top:0px !important;margin-right:0px !important;margin-bottom:0px !important;margin-left:0px !important;}<\/style><div class=\"stk-column-wrapper stk-block-column__content stk-container stk-1764027-container stk--no-background stk--no-padding\"><div class=\"stk-block-content stk-inner-blocks stk-1764027-inner-blocks\">\n<div class=\"wp-block-stackable-heading stk-block-heading stk-block-heading--v2 stk-block stk-98c76d6\" id=\"sobre-nosotros\" data-block-id=\"98c76d6\"><style>.stk-98c76d6 .stk-block-heading__text{font-size:50px !important;color:var(--theme-palette-color-8, #ffffff) !important;}@media screen and (max-width:999px){.stk-98c76d6 .stk-block-heading__text{font-size:35px !important;}}<\/style><h2 class=\"stk-block-heading__text has-text-color has-text-align-center\">Sobre Nosotros<\/h2><\/div>\n<\/div><\/div><\/div>\n<\/div><\/div>\n\n\n\n<div class=\"wp-block-stackable-columns alignfull stk-block-columns stk-block stk-15a816e stk-block-background stk--has-background-overlay\" data-block-id=\"15a816e\"><style>.stk-15a816e {background-color:var(--theme-palette-color-8, #ffffff) !important;background-image:url(http:\/\/alumno07.shopenlaces.com.es\/alumno07wp\/wp-content\/uploads\/2022\/05\/lines-background.svg) !important;padding-top:100px !important;padding-bottom:100px !important;margin-bottom:0px !important;}.stk-15a816e:before{background-color:var(--theme-palette-color-8, #ffffff) !important;opacity:0.4 !important;}.stk-15a816e-column{--stk-column-gap:100px !important;row-gap:50px !important;}@media screen and (max-width:999px){.stk-15a816e {padding-top:60px !important;padding-bottom:60px !important;}}<\/style><div class=\"stk-row stk-inner-blocks stk-block-content stk-content-align stk-15a816e-column\">\n<div class=\"wp-block-stackable-column stk-block-column stk-column stk-block stk-0c21965\" data-block-id=\"0c21965\"><style>.stk-0c21965-container{margin-top:0px !important;margin-right:0px !important;margin-bottom:0px !important;margin-left:0px !important;}@media screen and (min-width:690px){.stk-0c21965 {flex:var(--stk-flex-grow, 1) 1 calc(45.69999999999999% - var(--stk-column-gap, 0px) * 1 \/ 2 ) !important;}}@media screen and (min-width:690px) and (max-width:999px){.stk-0c21965 {flex:var(--stk-flex-grow, 1) 1 calc(100% - var(--stk-column-gap, 0px) * 0 \/ 1 ) !important;}}<\/style><div class=\"stk-column-wrapper stk-block-column__content stk-container stk-0c21965-container stk--no-background stk--no-padding\"><div class=\"stk-block-content stk-inner-blocks stk-0c21965-inner-blocks\">\n<div class=\"wp-block-stackable-text stk-block-text stk-block stk-88ec6eb\" data-block-id=\"88ec6eb\"><style>.stk-88ec6eb {margin-bottom:30px !important;}.stk-88ec6eb .stk-block-text__text{font-size:16px !important;color:var(--theme-palette-color-1, #EA714C) !important;font-weight:600 !important;text-transform:uppercase !important;}@media screen and (max-width:999px){.stk-88ec6eb {margin-bottom:20px !important;}.stk-88ec6eb .stk-block-text__text{font-size:14px !important;}}<\/style><p class=\"stk-block-text__text has-text-color has-text-align-center-tablet\"><span style=\"color: #a76161f5;\" class=\"stk-highlight\">Nuestra historia<\/span><\/p><\/div>\n\n\n\n<div class=\"wp-block-stackable-heading stk-block-heading stk-block-heading--v2 stk-block stk-a0b6678\" id=\"zapateria-paz\" data-block-id=\"a0b6678\"><style>.stk-a0b6678 {margin-bottom:30px !important;}.stk-a0b6678 .stk-block-heading__text{font-size:50px !important;}@media screen and (max-width:999px){.stk-a0b6678 .stk-block-heading__text{font-size:35px !important;}}<\/style><h2 class=\"stk-block-heading__text has-text-align-center-tablet\">Zapater\u00eda Paz<\/h2><\/div>\n\n\n\n<div class=\"wp-block-stackable-text stk-block-text stk-block stk-bdf6189\" data-block-id=\"bdf6189\"><p class=\"stk-block-text__text has-text-align-center-tablet\">Zapater\u00eda Paz nace en <strong>Zaragoza<\/strong> del amor por el calzado bien hecho y del trato cercano de las tiendas de toda la vida. Nuestra historia comienza en un peque\u00f1o local de barrio, donde Paz (hija y nieta de zapateros) decidi\u00f3 continuar una tradici\u00f3n familiar que siempre estuvo ligada a la artesan\u00eda, la paciencia y el cuidado por los detalles.<\/p><\/div>\n<\/div><\/div><\/div>\n\n\n\n<div class=\"wp-block-stackable-column stk-block-column stk-column stk-block stk-9579468\" data-block-id=\"9579468\"><style>.stk-9579468-container{margin-top:0px !important;margin-right:0px !important;margin-bottom:0px !important;margin-left:0px !important;}@media screen and (min-width:690px){.stk-9579468 {flex:var(--stk-flex-grow, 1) 1 calc(54.3% - var(--stk-column-gap, 0px) * 1 \/ 2 ) !important;}}@media screen and (min-width:690px) and (max-width:999px){.stk-9579468 {flex:var(--stk-flex-grow, 1) 1 calc(100% - var(--stk-column-gap, 0px) * 0 \/ 1 ) !important;}}<\/style><div class=\"stk-column-wrapper stk-block-column__content stk-container stk-9579468-container stk--no-background stk--no-padding\"><div class=\"stk-block-content stk-inner-blocks stk-9579468-inner-blocks\">\n<div class=\"wp-block-stackable-text stk-block-text stk-block stk-dffa682\" data-block-id=\"dffa682\"><p class=\"stk-block-text__text has-text-align-center-tablet\">Desde nuestros inicios, hemos cre\u00eddo que unos buenos zapatos no solo deben ser bonitos, sino tambi\u00e9n c\u00f3modos y duraderos. Por eso trabajamos con proveedores nacionales y seleccionamos cada modelo pensando en el d\u00eda a d\u00eda de las personas que conf\u00edan en nosotros: caminar al trabajo, acompa\u00f1ar a los m\u00e1s peque\u00f1os al colegio, celebrar momentos especiales o simplemente sentirse bien al dar cada paso.<\/p><\/div>\n\n\n\n<div class=\"wp-block-stackable-text stk-block-text stk-block stk-362a1d3\" data-block-id=\"362a1d3\"><p class=\"stk-block-text__text has-text-align-center-tablet\">Con el paso de los a\u00f1os, Zapater\u00eda Paz ha crecido, pero sin perder su esencia. Seguimos siendo una tienda cercana, donde conocemos a nuestros clientes por su nombre, donde escuchamos y aconsejamos con honestidad, y donde cada compra importa. Apostamos por la calidad frente a la cantidad y por un servicio humano en un mundo cada vez m\u00e1s r\u00e1pido.<\/p><\/div>\n\n\n\n<div class=\"wp-block-stackable-text stk-block-text stk-block stk-c99ffb4\" data-block-id=\"c99ffb4\"><p class=\"stk-block-text__text has-text-align-center-tablet\">Hoy, desde Zaragoza y para quienes nos visitan tanto en tienda como a trav\u00e9s de nuestra web, seguimos caminando con la misma ilusi\u00f3n del primer d\u00eda. Porque para nosotros, los zapatos no son solo un producto: son parte de tu historia.<\/p><\/div>\n<\/div><\/div><\/div>\n<\/div><\/div>\n\n\n\n<div class=\"wp-block-stackable-columns alignfull stk-block-columns stk-block stk-1917585 stk-block-background\" data-block-id=\"1917585\"><style>.stk-1917585 {background-color:var(--theme-palette-color-4, #1A1E21) !important;padding-top:100px !important;padding-bottom:100px !important;margin-bottom:0px !important;}.stk-1917585:before{background-color:var(--theme-palette-color-4, #1A1E21) !important;}@media screen and (max-width:999px){.stk-1917585 {padding-top:60px !important;padding-bottom:60px !important;}}<\/style><div class=\"stk-row stk-inner-blocks stk-block-content stk-content-align stk-1917585-column\">\n<div class=\"wp-block-stackable-column stk-block-column stk-column stk-block stk-71130b9\" data-block-id=\"71130b9\"><style>.stk-71130b9-container{margin-top:0px !important;margin-right:0px !important;margin-bottom:0px !important;margin-left:0px !important;}<\/style><div class=\"stk-column-wrapper stk-block-column__content stk-container stk-71130b9-container stk--no-background stk--no-padding\"><div class=\"stk-block-content stk-inner-blocks stk-71130b9-inner-blocks\">\n<div class=\"wp-block-stackable-heading stk-block-heading stk-block-heading--v2 stk-block stk-2770b02\" id=\"latest-articles\" data-block-id=\"2770b02\"><style>.stk-2770b02 {margin-bottom:50px !important;}.stk-2770b02 .stk-block-heading__text{color:var(--theme-palette-color-8, #ffffff) !important;}@media screen and (max-width:999px){.stk-2770b02 {margin-bottom:30px !important;}.stk-2770b02 .stk-block-heading__text{font-size:25px !important;}}<\/style><h2 class=\"stk-block-heading__text has-text-color has-text-align-center\">ACERCA DE NOSOTROS<\/h2><\/div>\n\n\n\n<div class=\"wp-block-stackable-columns stk-block-columns stk-block stk-00ebbcc\" data-block-id=\"00ebbcc\"><style>.stk-00ebbcc {margin-bottom:50px !important;}.stk-00ebbcc-column{--stk-column-gap:30px !important;row-gap:50px !important;}<\/style><div class=\"stk-row stk-inner-blocks stk-block-content stk-content-align stk-00ebbcc-column\">\n<div class=\"wp-block-stackable-column stk-block-column stk-column stk-block stk-208681b\" data-block-id=\"208681b\"><style>.stk-208681b-container{margin-top:0px !important;margin-right:0px !important;margin-bottom:0px !important;margin-left:0px !important;}<\/style><div class=\"stk-column-wrapper stk-block-column__content stk-container stk-208681b-container stk--no-background stk--no-padding\"><div class=\"stk-block-content stk-inner-blocks stk-208681b-inner-blocks\">\n<div class=\"wp-block-stackable-heading stk-block-heading stk-block-heading--v2 stk-block stk-5c4d047\" id=\"nuestras-oficinas\" data-block-id=\"5c4d047\"><style>.stk-5c4d047 {margin-bottom:15px !important;}.stk-5c4d047 .stk-block-heading__text{color:var(--theme-palette-color-8, #ffffff) !important;}<\/style><h4 class=\"stk-block-heading__text has-text-color has-text-align-center\">Nuestras oficinas<\/h4><\/div>\n\n\n\n<div class=\"wp-block-stackable-text stk-block-text stk-block stk-5f8c7e5\" data-block-id=\"5f8c7e5\"><style>.stk-5f8c7e5 {margin-bottom:40px !important;opacity:0.5 !important;}.stk-5f8c7e5 .stk-block-text__text{color:var(--theme-palette-color-8, #ffffff) !important;}<\/style><p class=\"stk-block-text__text has-text-color has-text-align-justify\">Adem\u00e1s de nuestra tienda f\u00edsica en Zaragoza, <strong>Zapater\u00eda Paz<\/strong> cuenta con una peque\u00f1a <strong>oficina central<\/strong> situada en la misma ciudad, desde donde coordinamos la gesti\u00f3n diaria del negocio. En este espacio se llevan a cabo las tareas de administraci\u00f3n, atenci\u00f3n al cliente online, compras y relaci\u00f3n con proveedores.<\/p><\/div>\n\n\n\n<p class=\"has-text-align-center\">Tambi\u00e9n disponemos de un <strong>almac\u00e9n log\u00edstico<\/strong> en las afueras de Zaragoza, que nos permite organizar el stock, preparar pedidos y garantizar un servicio \u00e1gil tanto para tienda como para env\u00edos nacionales e internacionales.<\/p>\n<\/div><\/div><\/div>\n\n\n\n<div class=\"wp-block-stackable-column stk-block-column stk-column stk-block stk-f5a21b0\" data-block-id=\"f5a21b0\"><style>.stk-f5a21b0-container{margin-top:0px !important;margin-right:0px !important;margin-bottom:0px !important;margin-left:0px !important;}<\/style><div class=\"stk-column-wrapper stk-block-column__content stk-container stk-f5a21b0-container stk--no-background stk--no-padding\"><div class=\"stk-block-content stk-inner-blocks stk-f5a21b0-inner-blocks\">\n<div class=\"wp-block-stackable-heading stk-block-heading stk-block-heading--v2 stk-block stk-d594baa\" id=\"nuestros-servicios\" data-block-id=\"d594baa\"><style>.stk-d594baa {margin-bottom:15px !important;}.stk-d594baa .stk-block-heading__text{color:var(--theme-palette-color-8, #ffffff) !important;}<\/style><h4 class=\"stk-block-heading__text has-text-color has-text-align-center\">Nuestros servicios<\/h4><\/div>\n\n\n\n<div class=\"wp-block-group is-vertical is-content-justification-center is-layout-flex wp-container-core-group-is-layout-fa38c63a wp-block-group-is-layout-flex\">\n<div class=\"wp-block-stackable-text stk-block-text stk-block stk-391f52a\" data-block-id=\"391f52a\"><style>.stk-391f52a {margin-bottom:0px !important;opacity:0.5 !important;}.stk-391f52a .stk-block-text__text{color:var(--theme-palette-color-8, #ffffff) !important;}<\/style><p class=\"stk-block-text__text has-text-color has-text-align-center\">Venta en tienda f\u00edsica y online<\/p><\/div>\n\n\n\n<p class=\"has-text-align-left\"><strong>Asesoramiento personalizado<\/strong>, tanto presencial como digital<\/p>\n\n\n\n<p><strong>Cambios y devoluciones sencillas<\/strong><\/p>\n\n\n\n<p><strong>Env\u00edos a domicilio<\/strong><\/p>\n\n\n\n<p class=\"has-text-align-center\"><strong>Reserva de productos<\/strong><\/p>\n\n\n\n<p><strong>Atenci\u00f3n al cliente cercana y humana<\/strong><\/p>\n\n\n\n<p class=\"has-text-align-center\"><strong>Pedidos especiales<\/strong> bajo demanda (tallas concretas o modelos seleccionados)<\/p>\n<\/div>\n<\/div><\/div><\/div>\n<\/div><\/div>\n\n\n\n<div class=\"wp-block-stackable-columns stk-block-columns stk-block stk-26ca7e8\" data-block-id=\"26ca7e8\"><style>.stk-26ca7e8-column{--stk-column-gap:30px !important;row-gap:50px !important;}<\/style><div class=\"stk-row stk-inner-blocks stk-block-content stk-content-align stk-26ca7e8-column\">\n<div class=\"wp-block-stackable-column stk-block-column stk-column stk-block stk-b2b0f5f\" data-block-id=\"b2b0f5f\"><style>.stk-b2b0f5f-container{margin-top:0px !important;margin-right:0px !important;margin-bottom:0px !important;margin-left:0px !important;}<\/style><div class=\"stk-column-wrapper stk-block-column__content stk-container stk-b2b0f5f-container stk--no-background stk--no-padding\"><div class=\"stk-block-content stk-inner-blocks stk-b2b0f5f-inner-blocks\">\n<div class=\"wp-block-stackable-heading stk-block-heading stk-block-heading--v2 stk-block stk-ef238e6\" id=\"nuestros-productos\" data-block-id=\"ef238e6\"><style>.stk-ef238e6 {margin-bottom:15px !important;}.stk-ef238e6 .stk-block-heading__text{color:var(--theme-palette-color-8, #ffffff) !important;}<\/style><h4 class=\"stk-block-heading__text has-text-color has-text-align-center\">Nuestros productos<\/h4><\/div>\n\n\n\n<div class=\"wp-block-stackable-text stk-block-text stk-block stk-26666e9\" data-block-id=\"26666e9\"><style>.stk-26666e9 {margin-bottom:16px !important;opacity:0.5 !important;}.stk-26666e9 .stk-block-text__text{color:var(--theme-palette-color-8, #ffffff) !important;}<\/style><p class=\"stk-block-text__text has-text-color has-text-align-center\"><strong>Zapatos de uso diario<\/strong><\/p><\/div>\n\n\n\n<p>Calzado c\u00f3modo y ergon\u00f3mico<\/p>\n\n\n\n<p>Zapatos cl\u00e1sicos y actuales<\/p>\n\n\n\n<p>Botas y zapatillas<\/p>\n\n\n\n<p>Complementos para el cuidado del calzado<\/p>\n\n\n\n<p>Trabajamos principalmente con marcas espa\u00f1olas y europeas, priorizando materiales de calidad y procesos responsables.<\/p>\n<\/div><\/div><\/div>\n\n\n\n<div class=\"wp-block-stackable-column stk-block-column stk-column stk-block stk-277aad8\" data-block-id=\"277aad8\"><style>.stk-277aad8-container{margin-top:0px !important;margin-right:0px !important;margin-bottom:0px !important;margin-left:0px !important;}<\/style><div class=\"stk-column-wrapper stk-block-column__content stk-container stk-277aad8-container stk--no-background stk--no-padding\"><div class=\"has-text-align-left stk-block-content stk-inner-blocks stk-277aad8-inner-blocks\">\n<div class=\"wp-block-stackable-heading stk-block-heading stk-block-heading--v2 stk-block stk-b88ff46\" id=\"nuestros-valores\" data-block-id=\"b88ff46\"><style>.stk-b88ff46 {margin-bottom:15px !important;}.stk-b88ff46 .stk-block-heading__text{color:var(--theme-palette-color-8, #ffffff) !important;}<\/style><h4 class=\"stk-block-heading__text has-text-color has-text-align-center\">Nuestros valores<\/h4><\/div>\n\n\n\n<div class=\"wp-block-stackable-text stk-block-text stk-block stk-8136c56\" data-block-id=\"8136c56\"><style>.stk-8136c56 {margin-bottom:0px !important;opacity:0.5 !important;}.stk-8136c56 .stk-block-text__text{color:var(--theme-palette-color-8, #ffffff) !important;}<\/style><p class=\"stk-block-text__text has-text-color has-text-align-left\"><strong>C<\/strong>ercan\u00eda: tratamos a cada cliente con respeto y atenci\u00f3n personalizada<\/p><\/div>\n\n\n\n<p><strong>Calidad<\/strong>: seleccionamos productos duraderos y c\u00f3modos<\/p>\n\n\n\n<p><strong>Honestidad<\/strong>: recomendamos solo aquello en lo que creemos<\/p>\n\n\n\n<p><strong>Tradici\u00f3n<\/strong>: respetamos el oficio zapatero y su historia<\/p>\n\n\n\n<p><strong>Compromiso<\/strong>: apostamos por proveedores responsables y nacionales siempre que es posible<\/p>\n<\/div><\/div><\/div>\n\n\n\n<div class=\"wp-block-stackable-column stk-block-column stk-column stk-block stk-20afd1d\" data-block-id=\"20afd1d\"><style>.stk-20afd1d-container{margin-top:0px !important;margin-right:0px !important;margin-bottom:0px !important;margin-left:0px !important;}<\/style><div class=\"stk-column-wrapper stk-block-column__content stk-container stk-20afd1d-container stk--no-background stk--no-padding\"><div class=\"stk-block-content stk-inner-blocks stk-20afd1d-inner-blocks\">\n<div class=\"wp-block-stackable-heading stk-block-heading stk-block-heading--v2 stk-block stk-c1f4a7f\" id=\"exportacion\" data-block-id=\"c1f4a7f\"><style>.stk-c1f4a7f {margin-bottom:15px !important;}.stk-c1f4a7f .stk-block-heading__text{color:var(--theme-palette-color-8, #ffffff) !important;}<\/style><h4 class=\"stk-block-heading__text has-text-color has-text-align-center\">Exportaci\u00f3n<\/h4><\/div>\n\n\n\n<div class=\"wp-block-stackable-text stk-block-text stk-block stk-8816993\" data-block-id=\"8816993\"><style>.stk-8816993 {margin-bottom:7px !important;opacity:0.5 !important;}.stk-8816993 .stk-block-text__text{color:var(--theme-palette-color-8, #ffffff) !important;}<\/style><p class=\"stk-block-text__text has-text-color has-text-align-left\">Gracias a nuestra tienda online, <strong>Zapater\u00eda Paz<\/strong> ha comenzado a llevar sus productos m\u00e1s all\u00e1 de Zaragoza. Actualmente realizamos env\u00edos a distintos pa\u00edses de la <strong>Uni\u00f3n Europea<\/strong>, atendiendo pedidos de clientes que valoran el calzado bien hecho y el trato cercano.<\/p><\/div>\n\n\n\n<p>Nuestro crecimiento es pausado y responsable, manteniendo siempre la esencia que nos define desde el primer d\u00eda.<\/p>\n<\/div><\/div><\/div>\n<\/div><\/div>\n<\/div><\/div><\/div>\n<\/div><\/div>\n","protected":false},"excerpt":{"rendered":"<p>Sobre Nosotros Nuestra historia Zapater\u00eda Paz Zapater\u00eda Paz nace en Zaragoza del amor por el calzado bien hecho y del trato cercano de las tiendas de toda la vida. Nuestra historia comienza en un peque\u00f1o local de barrio, donde Paz (hija y nieta de zapateros) decidi\u00f3 continuar una tradici\u00f3n familiar que siempre estuvo ligada a [&hellip;]<\/p>\n","protected":false},"author":1,"featured_media":0,"parent":0,"menu_order":0,"comment_status":"closed","ping_status":"closed","template":"","meta":{"footnotes":""},"class_list":["post-14","page","type-page","status-publish","hentry"],"blocksy_meta":{"styles_descriptor":{"styles":{"desktop":"","tablet":"","mobile":""},"google_fonts":[],"version":6},"page_title_panel":"","has_hero_section":"disabled","1f03916223e497f902b6ea1f41879de5":"","hero_section":"type-1","hero_elements":[{"id":"custom_title","enabled":true,"heading_tag":"h1","title":"Home"},{"id":"custom_description","enabled":true,"description_visibility":{"desktop":true,"tablet":true,"mobile":false}},{"id":"custom_meta","enabled":false,"meta_elements":[{"id":"author","enabled":true,"label":"By","has_author_avatar":"yes","avatar_size":25},{"id":"post_date","enabled":true,"label":"On","date_format_source":"default","date_format":"M j, Y"},{"id":"updated_date","enabled":false,"label":"On","date_format_source":"default","date_format":"M j, Y"},{"id":"categories","enabled":false,"label":"In","style":"simple"},{"id":"comments","enabled":true}],"page_meta_elements":{"joined":true,"articles_count":true,"comments":true}},{"id":"breadcrumbs","enabled":false}],"ee22a3572202750f968be8a1ba560054":"","hero_alignment1":"CT_CSS_SKIP_RULE","hero_margin":40,"hero_alignment2":"center","hero_vertical_alignment":"center","7e564e052697317af9efb915c566b5df":"","hero_structure":"narrow","4537bd8aa4756072752e0f23a3371357":"","page_title_bg_type":"featured_image","custom_hero_background":{"attachment_id":null},"page_title_image_size":"full","parallax":{"desktop":false,"tablet":false,"mobile":false},"e7d6cb9b61dc9375e9a731ef76ea62f9":"","hero_height":"250px","pageTitleFont":{"family":"Default","variation":"Default","size":"30px","line-height":"CT_CSS_SKIP_RULE","letter-spacing":"CT_CSS_SKIP_RULE","text-transform":"CT_CSS_SKIP_RULE","text-decoration":"CT_CSS_SKIP_RULE"},"pageTitleFontColor":{"default":{"color":"CT_CSS_SKIP_RULEDEFAULT"}},"pageMetaFont":{"family":"Default","variation":"n6","size":"12px","line-height":"1.3","letter-spacing":"CT_CSS_SKIP_RULE","text-transform":"uppercase","text-decoration":"CT_CSS_SKIP_RULE"},"pageMetaFontColor":{"default":{"color":"CT_CSS_SKIP_RULEDEFAULT"},"hover":{"color":"CT_CSS_SKIP_RULEDEFAULT"}},"page_meta_button_type_font_colors":{"default":{"color":"CT_CSS_SKIP_RULEDEFAULT"},"hover":{"color":"CT_CSS_SKIP_RULEDEFAULT"}},"page_meta_button_type_background_colors":{"default":{"color":"CT_CSS_SKIP_RULEDEFAULT"},"hover":{"color":"CT_CSS_SKIP_RULEDEFAULT"}},"pageExcerptFont":{"family":"Default","variation":"Default","size":"CT_CSS_SKIP_RULE","line-height":"CT_CSS_SKIP_RULE","letter-spacing":"CT_CSS_SKIP_RULE","text-transform":"CT_CSS_SKIP_RULE","text-decoration":"CT_CSS_SKIP_RULE"},"pageExcerptColor":{"default":{"color":"CT_CSS_SKIP_RULEDEFAULT"}},"breadcrumbsFont":{"family":"Default","variation":"Default","size":"CT_CSS_SKIP_RULE","line-height":"CT_CSS_SKIP_RULE","letter-spacing":"CT_CSS_SKIP_RULE","text-transform":"CT_CSS_SKIP_RULE","text-decoration":"CT_CSS_SKIP_RULE"},"breadcrumbsFontColor":{"default":{"color":"CT_CSS_SKIP_RULEDEFAULT"},"initial":{"color":"CT_CSS_SKIP_RULEDEFAULT"},"hover":{"color":"CT_CSS_SKIP_RULEDEFAULT"}},"pageTitleOverlay":{"background_type":"color","background_pattern":"type-1","background_image":{"attachment_id":null,"x":0,"y":0},"gradient":"linear-gradient(135deg,rgba(6,147,227,1) 0%,rgb(155,81,224) 100%)","background_repeat":"repeat","background_size":"auto","background_attachment":"scroll","patternColor":{"default":{"color":"#e5e7ea"}},"overlayColor":{"default":{"color":"CT_CSS_SKIP_RULE"}},"backgroundColor":{"default":{"color":"CT_CSS_SKIP_RULE"}}},"pageTitleBackground":{"background_type":"color","background_pattern":"type-1","background_image":{"attachment_id":null,"x":0,"y":0},"gradient":"linear-gradient(135deg,rgba(6,147,227,1) 0%,rgb(155,81,224) 100%)","background_repeat":"repeat","background_size":"auto","background_attachment":"scroll","patternColor":{"default":{"color":"#e5e7ea"}},"overlayColor":{"default":{"color":"CT_CSS_SKIP_RULE"}},"backgroundColor":{"default":{"color":"var(--theme-palette-color-6)"}}},"pageTitlePadding":{"top":"50px","bottom":"50px","left":"auto","right":"auto","linked":true},"9594b949e5b7eac790c20f18a66344ec":"","page_structure_type":"default","b3c19357fc1aac9b9ba16039964435fe":"","content_style_source":"inherit","content_style":"wide","vertical_spacing_source":"custom","content_area_spacing":"none","background":{"background_type":"color","background_pattern":"type-1","background_image":{"attachment_id":null,"x":0,"y":0},"gradient":"linear-gradient(135deg,rgba(6,147,227,1) 0%,rgb(155,81,224) 100%)","background_repeat":"repeat","background_size":"auto","background_attachment":"scroll","patternColor":{"default":{"color":"#e5e7ea"}},"overlayColor":{"default":{"color":"CT_CSS_SKIP_RULE"}},"backgroundColor":{"default":{"color":"CT_CSS_SKIP_RULE"}}},"content_background":{"background_type":"color","background_pattern":"type-1","background_image":{"attachment_id":null,"x":0,"y":0},"gradient":"linear-gradient(135deg,rgba(6,147,227,1) 0%,rgb(155,81,224) 100%)","background_repeat":"repeat","background_size":"auto","background_attachment":"scroll","patternColor":{"default":{"color":"#e5e7ea"}},"overlayColor":{"default":{"color":"CT_CSS_SKIP_RULE"}},"backgroundColor":{"default":{"color":"var(--theme-palette-color-8)"}}},"content_boxed_shadow":{"inherit":false,"blur":18,"spread":-6,"v_offset":12,"h_offset":0,"inset":false,"enable":true,"color":{"color":"rgba(34, 56, 101, 0.04)"}},"content_boxed_border":{"width":1,"style":"none","color":{"color":"rgba(44,62,80,0.2)"}},"content_boxed_radius":{"top":"3px","bottom":"3px","left":"3px","right":"3px","linked":true},"boxed_content_spacing":{"desktop":{"top":"40px","bottom":"40px","left":"40px","right":"40px","linked":true},"tablet":{"top":"35px","bottom":"35px","left":"35px","right":"35px","linked":true},"mobile":{"top":"20px","bottom":"20px","left":"20px","right":"20px","linked":true}},"f00738e0ec7a991b33f9e30ef07ece20":"","disable_featured_image":"no","disable_share_box":"no","disable_header":"no","disable_footer":"no"},"_links":{"self":[{"href":"http:\/\/alumno07.shopenlaces.com.es\/alumno07wp\/index.php?rest_route=\/wp\/v2\/pages\/14","targetHints":{"allow":["GET"]}}],"collection":[{"href":"http:\/\/alumno07.shopenlaces.com.es\/alumno07wp\/index.php?rest_route=\/wp\/v2\/pages"}],"about":[{"href":"http:\/\/alumno07.shopenlaces.com.es\/alumno07wp\/index.php?rest_route=\/wp\/v2\/types\/page"}],"author":[{"embeddable":true,"href":"http:\/\/alumno07.shopenlaces.com.es\/alumno07wp\/index.php?rest_route=\/wp\/v2\/users\/1"}],"replies":[{"embeddable":true,"href":"http:\/\/alumno07.shopenlaces.com.es\/alumno07wp\/index.php?rest_route=%2Fwp%2Fv2%2Fcomments&post=14"}],"version-history":[{"count":3,"href":"http:\/\/alumno07.shopenlaces.com.es\/alumno07wp\/index.php?rest_route=\/wp\/v2\/pages\/14\/revisions"}],"predecessor-version":[{"id":903,"href":"http:\/\/alumno07.shopenlaces.com.es\/alumno07wp\/index.php?rest_route=\/wp\/v2\/pages\/14\/revisions\/903"}],"wp:attachment":[{"href":"http:\/\/alumno07.shopenlaces.com.es\/alumno07wp\/index.php?rest_route=%2Fwp%2Fv2%2Fmedia&parent=14"}],"curies":[{"name":"wp","href":"https:\/\/api.w.org\/{rel}","templated":true}]}}